{"id":32604,"date":"2022-05-21T17:13:20","date_gmt":"2022-05-21T14:13:20","guid":{"rendered":"https:\/\/www.radiomarket.fi\/?post_type=product&#038;p=32604"},"modified":"2022-05-24T11:33:16","modified_gmt":"2022-05-24T08:33:16","slug":"ekub0215-konmari-siivouksen-elaman-mullistava-taika","status":"publish","type":"product","link":"https:\/\/www.radiomarket.fi\/en\/kohde\/ekub0215-konmari-siivouksen-elaman-mullistava-taika\/","title":{"rendered":"EKUB0215 Konmari &#8211; siivouksen el\u00e4m\u00e4n mullistava taika"},"content":{"rendered":"Tiesitk\u00f6, ett\u00e4 esineet viestiv\u00e4t sinulle ja haluavat p\u00e4\u00e4st\u00e4 omalle paikalleen &#8211; vaikka sitten j\u00e4tes\u00e4kkiin?\r\n\r\nMarie Kondon mukaan perusj\u00e4rjestely tarvitsee tehd\u00e4 vain kerran, sen j\u00e4lkeen el\u00e4t onnellisena ilman rojun tuottamaa taakkaa.","protected":false},"excerpt":{"rendered":"<p>Kirja on luettu &#8211; jopa niin sykkyr\u00e4lle ett\u00e4 voit arvostelijoillesi v\u00e4itt\u00e4\u00e4 opiskelevasi opusta p\u00e4ivitt\u00e4in ja lykk\u00e4\u00e4t taas k\u00e4tev\u00e4sti suursiivousta muutamalla kuukaudella.<\/p>","protected":false},"featured_media":32616,"template":"","meta":[],"_links":{"self":[{"href":"https:\/\/www.radiomarket.fi\/en\/wp-json\/wp\/v2\/product\/32604"}],"collection":[{"href":"https:\/\/www.radiomarket.fi\/en\/wp-json\/wp\/v2\/product"}],"about":[{"href":"https:\/\/www.radiomarket.fi\/en\/wp-json\/wp\/v2\/types\/product"}],"wp:featuredmedia":[{"embeddable":true,"href":"https:\/\/www.radiomarket.fi\/en\/wp-json\/wp\/v2\/media\/32616"}],"wp:attachment":[{"href":"https:\/\/www.radiomarket.fi\/en\/wp-json\/wp\/v2\/media?parent=32604"}],"curies":[{"name":"wp","href":"https:\/\/api.w.org\/{rel}","templated":true}]}}