{"id":32624,"date":"2022-05-26T19:06:05","date_gmt":"2022-05-26T16:06:05","guid":{"rendered":"https:\/\/www.radiomarket.fi\/?post_type=product&#038;p=32624"},"modified":"2022-06-04T14:28:04","modified_gmt":"2022-06-04T11:28:04","slug":"ekub0213-kuvaputkivaritelevisio-jvc-av21f3","status":"publish","type":"product","link":"https:\/\/www.radiomarket.fi\/en\/kohde\/ekub0213-kuvaputkivaritelevisio-jvc-av21f3\/","title":{"rendered":"EKUB0213 kuvaputkiv\u00e4ritelevisio JVC AV21F3"},"content":{"rendered":"Toimiva v\u00e4ritelevisio analogisten l\u00e4hetysten vastaanottoon ja SCART-liittimen kautta ohjattavaksi. Halutessasi toimituksen s\u00e4rkyv\u00e4n\u00e4 tee tilaus s\u00e4hk\u00f6postilla tilaukset@radiomarket.fi, normaalin postitoimituksen hinnalla emme ota vastuuta television p\u00e4\u00e4syst\u00e4 perille ehj\u00e4n\u00e4. Suosittelemme noutoa.\r\n\r\nHintaan lis\u00e4tty matkahuollon toimitus s\u00e4rkyv\u00e4n\u00e4.\r\n\r\nKaukos\u00e4\u00e4din sis\u00e4ltyy toimitukseen.","protected":false},"excerpt":{"rendered":"<p>Toimiva v\u00e4ritelevisio analogisten l\u00e4hetysten vastaanottoon ja SCART-liittimen kautta ohjattavaksi. Halutessasi toimituksen s\u00e4rkyv\u00e4n\u00e4 tee tilaus s\u00e4hk\u00f6postilla tilaukset@radiomarket.fi, normaalin postitoimituksen hinnalla emme ota vastuuta television p\u00e4\u00e4syst\u00e4 perille ehj\u00e4n\u00e4. Suosittelemme noutoa. Hintaan lis\u00e4tty matkahuollon toimitus s\u00e4rkyv\u00e4n\u00e4. Kaukos\u00e4\u00e4din sis\u00e4ltyy toimitukseen.<\/p>","protected":false},"featured_media":32627,"template":"","meta":[],"_links":{"self":[{"href":"https:\/\/www.radiomarket.fi\/en\/wp-json\/wp\/v2\/product\/32624"}],"collection":[{"href":"https:\/\/www.radiomarket.fi\/en\/wp-json\/wp\/v2\/product"}],"about":[{"href":"https:\/\/www.radiomarket.fi\/en\/wp-json\/wp\/v2\/types\/product"}],"wp:featuredmedia":[{"embeddable":true,"href":"https:\/\/www.radiomarket.fi\/en\/wp-json\/wp\/v2\/media\/32627"}],"wp:attachment":[{"href":"https:\/\/www.radiomarket.fi\/en\/wp-json\/wp\/v2\/media?parent=32624"}],"curies":[{"name":"wp","href":"https:\/\/api.w.org\/{rel}","templated":true}]}}