{"id":32665,"date":"2022-06-02T22:04:15","date_gmt":"2022-06-02T19:04:15","guid":{"rendered":"https:\/\/www.radiomarket.fi\/?post_type=product&#038;p=32665"},"modified":"2022-06-03T13:23:12","modified_gmt":"2022-06-03T10:23:12","slug":"ekub0216-anders-kung-tapaus-agapov-kirja","status":"publish","type":"product","link":"https:\/\/www.radiomarket.fi\/en\/kohde\/ekub0216-anders-kung-tapaus-agapov-kirja\/","title":{"rendered":"EKUB0216 Anders K\u00fcng: Tapaus Agapov -kirja"},"content":{"rendered":"Toisinajattelijan tarina kylm\u00e4n sodan aikana kirjoitettuna ja painettuna. Lukematon kirja. NOS\r\n\r\nKylm\u00e4\u00e4v\u00e4 vertailukohta t\u00e4h\u00e4n p\u00e4iv\u00e4\u00e4n.","protected":false},"excerpt":{"rendered":"<p>Kirja on osa avoimesti oikeistolaisen kustantamon teossarjaa YYA-Suomessa.<\/p>","protected":false},"featured_media":32666,"template":"","meta":[],"_links":{"self":[{"href":"https:\/\/www.radiomarket.fi\/en\/wp-json\/wp\/v2\/product\/32665"}],"collection":[{"href":"https:\/\/www.radiomarket.fi\/en\/wp-json\/wp\/v2\/product"}],"about":[{"href":"https:\/\/www.radiomarket.fi\/en\/wp-json\/wp\/v2\/types\/product"}],"wp:featuredmedia":[{"embeddable":true,"href":"https:\/\/www.radiomarket.fi\/en\/wp-json\/wp\/v2\/media\/32666"}],"wp:attachment":[{"href":"https:\/\/www.radiomarket.fi\/en\/wp-json\/wp\/v2\/media?parent=32665"}],"curies":[{"name":"wp","href":"https:\/\/api.w.org\/{rel}","templated":true}]}}