{"id":32690,"date":"2022-06-03T11:17:24","date_gmt":"2022-06-03T08:17:24","guid":{"rendered":"https:\/\/www.radiomarket.fi\/?post_type=product&#038;p=32690"},"modified":"2022-06-10T12:56:40","modified_gmt":"2022-06-10T09:56:40","slug":"ekum0309-verkkojohto","status":"publish","type":"product","link":"https:\/\/www.radiomarket.fi\/en\/kohde\/ekum0309-verkkojohto\/","title":{"rendered":"EKUM0309 verkkojohto"},"content":{"rendered":"<p>K\u00e4ytetty p\u00e4\u00e4llisin puolin hyv\u00e4kuntoinen verkkojohto. Maadoittamaton, k\u00e4y kaikkiin suomalaisiin pistorasioihin. T\u00e4ss\u00e4 Radiomarketissa myyt\u00e4vist\u00e4 radiosta puuttuu t\u00e4m\u00e4 johto, ellei se n\u00e4y tuotekuvassa tai ellei tuotteen esittelytekstiss\u00e4 toisin mainita. My\u00f6s merkkikohtaisesti suositeltuja johtoja on olemassa, mutta nekin ovat yhteensopivia. Johdon pituus 1,5 &#8211; 2 metri\u00e4.<\/p>","protected":false},"excerpt":{"rendered":"<p>K\u00e4ytetty p\u00e4\u00e4llisin puolin hyv\u00e4kuntoinen verkkojohto. Maadoittamaton, k\u00e4y kaikkiin suomalaisiin pistorasioihin. T\u00e4ss\u00e4 Radiomarketissa myyt\u00e4vist\u00e4 radiosta puuttuu t\u00e4m\u00e4 johto, ellei se n\u00e4y tuotekuvassa tai ellei tuotteen esittelytekstiss\u00e4 toisin mainita. My\u00f6s merkkikohtaisesti suositeltuja johtoja on olemassa, mutta nekin ovat yhteensopivia. Johdon pituus 1,5 &#8211; 2 metri\u00e4.<\/p>","protected":false},"featured_media":32739,"template":"","meta":[],"_links":{"self":[{"href":"https:\/\/www.radiomarket.fi\/en\/wp-json\/wp\/v2\/product\/32690"}],"collection":[{"href":"https:\/\/www.radiomarket.fi\/en\/wp-json\/wp\/v2\/product"}],"about":[{"href":"https:\/\/www.radiomarket.fi\/en\/wp-json\/wp\/v2\/types\/product"}],"wp:featuredmedia":[{"embeddable":true,"href":"https:\/\/www.radiomarket.fi\/en\/wp-json\/wp\/v2\/media\/32739"}],"wp:attachment":[{"href":"https:\/\/www.radiomarket.fi\/en\/wp-json\/wp\/v2\/media?parent=32690"}],"curies":[{"name":"wp","href":"https:\/\/api.w.org\/{rel}","templated":true}]}}