{"id":32708,"date":"2022-06-03T16:52:33","date_gmt":"2022-06-03T13:52:33","guid":{"rendered":"https:\/\/www.radiomarket.fi\/?post_type=product&#038;p=32708"},"modified":"2022-06-04T07:44:24","modified_gmt":"2022-06-04T04:44:24","slug":"ekum0499-luxor-775dw","status":"publish","type":"product","link":"https:\/\/www.radiomarket.fi\/en\/kohde\/ekum0499-luxor-775dw\/","title":{"rendered":"EKUM0499 Luxor 775DW"},"content":{"rendered":"<p>Neli\u00f6nuppimalli. Kaiutinritil\u00e4 kokonainen. Sis\u00e4lle ei katsottu, mutta luultavasti putket paikallaan.<\/p><p>J\u00e4ljell\u00e4 oleva neli\u00f6nuppi hieman rikki ruuvin rei\u00e4n kohdalta ulkokeh\u00e4lt\u00e4. Samaa nuppia k\u00e4ytetty ainakin mallissa Luxor 725DW.<\/p><p><strong>Ainakin seuraavat osat puutteellisia, rikki, tai myyty varaosaksi:<\/strong><br \/><br \/>-puutteellinen kotelo<br \/>-toinen neli\u00f6nuppi myyty<\/p>","protected":false},"excerpt":{"rendered":"<p>Neli\u00f6nuppimalli. Kaiutinritil\u00e4 kokonainen. Sis\u00e4lle ei katsottu, mutta luultavasti putket paikallaan.J\u00e4ljell\u00e4 oleva neli\u00f6nuppi hieman rikki ruuvin rei\u00e4n kohdalta ulkokeh\u00e4lt\u00e4. Samaa nuppia k\u00e4ytetty ainakin mallissa Luxor 725DW.Ainakin seuraavat osat puutteellisia, rikki, tai myyty varaosaksi:-puutteellinen kotelo-toinen neli\u00f6nuppi myyty<\/p>","protected":false},"featured_media":32714,"template":"","meta":[],"_links":{"self":[{"href":"https:\/\/www.radiomarket.fi\/en\/wp-json\/wp\/v2\/product\/32708"}],"collection":[{"href":"https:\/\/www.radiomarket.fi\/en\/wp-json\/wp\/v2\/product"}],"about":[{"href":"https:\/\/www.radiomarket.fi\/en\/wp-json\/wp\/v2\/types\/product"}],"wp:featuredmedia":[{"embeddable":true,"href":"https:\/\/www.radiomarket.fi\/en\/wp-json\/wp\/v2\/media\/32714"}],"wp:attachment":[{"href":"https:\/\/www.radiomarket.fi\/en\/wp-json\/wp\/v2\/media?parent=32708"}],"curies":[{"name":"wp","href":"https:\/\/api.w.org\/{rel}","templated":true}]}}