{"id":32725,"date":"2022-06-03T22:08:48","date_gmt":"2022-06-03T19:08:48","guid":{"rendered":"https:\/\/www.radiomarket.fi\/?post_type=product&#038;p=32725"},"modified":"2022-06-18T11:47:01","modified_gmt":"2022-06-18T08:47:01","slug":"ekua2762-levysoitinkaappi-suomalainen-1950-luku-ekum","status":"publish","type":"product","link":"https:\/\/www.radiomarket.fi\/en\/kohde\/ekua2762-levysoitinkaappi-suomalainen-1950-luku-ekum\/","title":{"rendered":"EKUA2762 levysoitinkaappi suomalainen 1950-luku (EKUM)"},"content":{"rendered":"Kunnostettavaksi tai varaosiksi. Kunnostajalle l\u00f6ytyy varaosanuppi rikkin\u00e4isen tilalle (6\/2022). Englantilainen Collaro-levysoitin suomalaisessa sarjavalmisteisessa kaapissa.\r\n\r\nSamaa kaappia on valmistettu my\u00f6s Cosmos-leyvsoittimella.","protected":false},"excerpt":{"rendered":"<p>HUOMIOI: T\u00e4m\u00e4 tuote voidaan myyd\u00e4 my\u00f6s osina.<\/p>","protected":false},"featured_media":32719,"template":"","meta":[],"_links":{"self":[{"href":"https:\/\/www.radiomarket.fi\/en\/wp-json\/wp\/v2\/product\/32725"}],"collection":[{"href":"https:\/\/www.radiomarket.fi\/en\/wp-json\/wp\/v2\/product"}],"about":[{"href":"https:\/\/www.radiomarket.fi\/en\/wp-json\/wp\/v2\/types\/product"}],"wp:featuredmedia":[{"embeddable":true,"href":"https:\/\/www.radiomarket.fi\/en\/wp-json\/wp\/v2\/media\/32719"}],"wp:attachment":[{"href":"https:\/\/www.radiomarket.fi\/en\/wp-json\/wp\/v2\/media?parent=32725"}],"curies":[{"name":"wp","href":"https:\/\/api.w.org\/{rel}","templated":true}]}}