{"id":32779,"date":"2022-06-08T10:24:28","date_gmt":"2022-06-08T07:24:28","guid":{"rendered":"https:\/\/www.radiomarket.fi\/?post_type=product&#038;p=32779"},"modified":"2022-06-08T10:31:01","modified_gmt":"2022-06-08T07:31:01","slug":"ekub0226-philips-dtr210-12-digiboksi","status":"publish","type":"product","link":"https:\/\/www.radiomarket.fi\/en\/kohde\/ekub0226-philips-dtr210-12-digiboksi\/","title":{"rendered":"EKUB0226 Philips DTR210\/12 digiboksi"},"content":{"rendered":"Toimiva laitekokonaisuus kaukos\u00e4\u00e4timell\u00e4 ja sopivalla verkkolaitteella. Maanp\u00e4\u00e4llisiin l\u00e4hetyksiin vastaanotin. Terrestial. Voi olla k\u00e4yt\u00f6n j\u00e4lki\u00e4.\r\n\r\nKaukos\u00e4\u00e4din RC19137008\/01 voidaan myyd\u00e4 my\u00f6s erikseen kirjepostimaksulla postikuluineen 9 eurolla, kysy s\u00e4hk\u00f6postilla tilaukset.radiomarket@gmail.com.","protected":false},"excerpt":{"rendered":"<p>Toimiva laitekokonaisuus kaukos\u00e4\u00e4timell\u00e4 ja sopivalla verkkolaitteella. Maanp\u00e4\u00e4llisiin l\u00e4hetyksiin vastaanotin. Terrestial. Voi olla k\u00e4yt\u00f6n j\u00e4lki\u00e4. Kaukos\u00e4\u00e4din RC19137008\/01 voidaan myyd\u00e4 my\u00f6s erikseen kirjepostimaksulla postikuluineen 9 eurolla, kysy s\u00e4hk\u00f6postilla tilaukset.radiomarket@gmail.com.<\/p>","protected":false},"featured_media":0,"template":"","meta":[],"_links":{"self":[{"href":"https:\/\/www.radiomarket.fi\/en\/wp-json\/wp\/v2\/product\/32779"}],"collection":[{"href":"https:\/\/www.radiomarket.fi\/en\/wp-json\/wp\/v2\/product"}],"about":[{"href":"https:\/\/www.radiomarket.fi\/en\/wp-json\/wp\/v2\/types\/product"}],"wp:attachment":[{"href":"https:\/\/www.radiomarket.fi\/en\/wp-json\/wp\/v2\/media?parent=32779"}],"curies":[{"name":"wp","href":"https:\/\/api.w.org\/{rel}","templated":true}]}}