{"id":32782,"date":"2022-06-08T13:52:29","date_gmt":"2022-06-08T10:52:29","guid":{"rendered":"https:\/\/www.radiomarket.fi\/?post_type=product&#038;p=32782"},"modified":"2023-01-25T18:25:52","modified_gmt":"2023-01-25T16:25:52","slug":"ekum0800-paneelimittari","status":"publish","type":"product","link":"https:\/\/www.radiomarket.fi\/en\/kohde\/ekum0800-paneelimittari\/","title":{"rendered":"EKUM0800 Gossen paneelimittari v\u00e4li noin 14mm"},"content":{"rendered":"<p>Otsikossa mainittu mittatieto on juotospisteiden mitattu v\u00e4li.<br \/><br \/>Lis\u00e4\u00e4 paneelimittareita Radiomarketin tuotekategoriassa &#8220;paneelimittarit&#8221;.<\/p>","protected":false},"excerpt":{"rendered":"<p>Otsikossa mainittu mittatieto on juotospisteiden mitattu v\u00e4li.Lis\u00e4\u00e4 paneelimittareita Radiomarketin tuotekategoriassa &#8220;paneelimittarit&#8221;.<\/p>","protected":false},"featured_media":35749,"template":"","meta":[],"_links":{"self":[{"href":"https:\/\/www.radiomarket.fi\/en\/wp-json\/wp\/v2\/product\/32782"}],"collection":[{"href":"https:\/\/www.radiomarket.fi\/en\/wp-json\/wp\/v2\/product"}],"about":[{"href":"https:\/\/www.radiomarket.fi\/en\/wp-json\/wp\/v2\/types\/product"}],"wp:featuredmedia":[{"embeddable":true,"href":"https:\/\/www.radiomarket.fi\/en\/wp-json\/wp\/v2\/media\/35749"}],"wp:attachment":[{"href":"https:\/\/www.radiomarket.fi\/en\/wp-json\/wp\/v2\/media?parent=32782"}],"curies":[{"name":"wp","href":"https:\/\/api.w.org\/{rel}","templated":true}]}}