{"id":32846,"date":"2022-06-18T13:22:34","date_gmt":"2022-06-18T10:22:34","guid":{"rendered":"https:\/\/www.radiomarket.fi\/?post_type=product&#038;p=32846"},"modified":"2024-10-31T20:42:51","modified_gmt":"2024-10-31T18:42:51","slug":"ekum0313-kaytetyt-c-kasettikotelot-8-kpl-era","status":"publish","type":"product","link":"https:\/\/www.radiomarket.fi\/en\/kohde\/ekum0313-kaytetyt-c-kasettikotelot-8-kpl-era\/","title":{"rendered":"EKUM0313 k\u00e4ytetyt C-kasettikotelot 8 kpl er\u00e4"},"content":{"rendered":"<p>K\u00e4ytettyj\u00e4, tyhji\u00e4 C-kasettikoteloita, myyd\u00e4\u00e4n kahdeksan kotelon eriss\u00e4. Kunto vaihtelee, ehji\u00e4.<\/p>","protected":false},"excerpt":{"rendered":"<p>K\u00e4ytettyj\u00e4, tyhji\u00e4 C-kasettikoteloita, myyd\u00e4\u00e4n kahdeksan kotelon eriss\u00e4. Kunto vaihtelee, ehji\u00e4.<\/p>","protected":false},"featured_media":32847,"template":"","meta":[],"_links":{"self":[{"href":"https:\/\/www.radiomarket.fi\/en\/wp-json\/wp\/v2\/product\/32846"}],"collection":[{"href":"https:\/\/www.radiomarket.fi\/en\/wp-json\/wp\/v2\/product"}],"about":[{"href":"https:\/\/www.radiomarket.fi\/en\/wp-json\/wp\/v2\/types\/product"}],"wp:featuredmedia":[{"embeddable":true,"href":"https:\/\/www.radiomarket.fi\/en\/wp-json\/wp\/v2\/media\/32847"}],"wp:attachment":[{"href":"https:\/\/www.radiomarket.fi\/en\/wp-json\/wp\/v2\/media?parent=32846"}],"curies":[{"name":"wp","href":"https:\/\/api.w.org\/{rel}","templated":true}]}}