{"id":32862,"date":"2022-06-22T17:30:44","date_gmt":"2022-06-22T14:30:44","guid":{"rendered":"https:\/\/www.radiomarket.fi\/?post_type=product&#038;p=32862"},"modified":"2022-07-25T17:33:10","modified_gmt":"2022-07-25T14:33:10","slug":"ekun0046-ask-autokaiuttimet-17cm-halkaisija-9635014780-9634826880-90016416304-07","status":"publish","type":"product","link":"https:\/\/www.radiomarket.fi\/en\/kohde\/ekun0046-ask-autokaiuttimet-17cm-halkaisija-9635014780-9634826880-90016416304-07\/","title":{"rendered":"EKUN0046 ASK autokaiuttimet 17cm halkaisija 9635014780 9634826880 90016416304 &#8211; 07"},"content":{"rendered":"<p>Ilmeisesti toimivina k\u00e4yt\u00f6st\u00e4 poistetut, koska laitettu talteen ja paketoitu huolellisesti. Paketista p\u00e4\u00e4tellen vaihdettu aikanaan Pioneereihin. Liitin sopinee Opel Peugeot ja Fiat -merkkisiin ajoneuvoihin (katso kuvat). Ei tutkittu tarkemmin.<\/p>","protected":false},"excerpt":{"rendered":"<p>Ilmeisesti toimivina k\u00e4yt\u00f6st\u00e4 poistetut, koska laitettu talteen ja paketoitu huolellisesti. Paketista p\u00e4\u00e4tellen vaihdettu aikanaan Pioneereihin. Liitin sopinee Opel Peugeot ja Fiat -merkkisiin ajoneuvoihin (katso kuvat). Ei tutkittu tarkemmin.<\/p>","protected":false},"featured_media":32864,"template":"","meta":[],"_links":{"self":[{"href":"https:\/\/www.radiomarket.fi\/en\/wp-json\/wp\/v2\/product\/32862"}],"collection":[{"href":"https:\/\/www.radiomarket.fi\/en\/wp-json\/wp\/v2\/product"}],"about":[{"href":"https:\/\/www.radiomarket.fi\/en\/wp-json\/wp\/v2\/types\/product"}],"wp:featuredmedia":[{"embeddable":true,"href":"https:\/\/www.radiomarket.fi\/en\/wp-json\/wp\/v2\/media\/32864"}],"wp:attachment":[{"href":"https:\/\/www.radiomarket.fi\/en\/wp-json\/wp\/v2\/media?parent=32862"}],"curies":[{"name":"wp","href":"https:\/\/api.w.org\/{rel}","templated":true}]}}