{"id":32872,"date":"2022-06-22T17:50:05","date_gmt":"2022-06-22T14:50:05","guid":{"rendered":"https:\/\/www.radiomarket.fi\/?post_type=product&#038;p=32872"},"modified":"2025-05-11T12:55:32","modified_gmt":"2025-05-11T09:55:32","slug":"ekun0048-autokaiuttimet-halkaisija-n-17cm-8-ohm-10-w-max-interm-5008998810","status":"publish","type":"product","link":"https:\/\/www.radiomarket.fi\/en\/kohde\/ekun0048-autokaiuttimet-halkaisija-n-17cm-8-ohm-10-w-max-interm-5008998810\/","title":{"rendered":"EKUN0048 Autokaiuttimet halkaisija n. 17cm 8 ohm 10 W max interM 5008998810"},"content":{"rendered":"<p>Ilmeisesti toimivina k\u00e4yt\u00f6st\u00e4 poistetut, koska laitettu talteen ja paketoitu huolellisesti. Paketista p\u00e4\u00e4tellen vaihdettu aikanaan Philipsin autokaiutinsettiin. Johdot katkaistu. Ei tutkittu tarkemmin.<\/p>","protected":false},"excerpt":{"rendered":"<p>Ilmeisesti toimivina k\u00e4yt\u00f6st\u00e4 poistetut, koska laitettu talteen ja paketoitu huolellisesti. Paketista p\u00e4\u00e4tellen vaihdettu aikanaan Philipsin autokaiutinsettiin. Johdot katkaistu. Ei tutkittu tarkemmin.<\/p>","protected":false},"featured_media":32873,"template":"","meta":[],"_links":{"self":[{"href":"https:\/\/www.radiomarket.fi\/en\/wp-json\/wp\/v2\/product\/32872"}],"collection":[{"href":"https:\/\/www.radiomarket.fi\/en\/wp-json\/wp\/v2\/product"}],"about":[{"href":"https:\/\/www.radiomarket.fi\/en\/wp-json\/wp\/v2\/types\/product"}],"wp:featuredmedia":[{"embeddable":true,"href":"https:\/\/www.radiomarket.fi\/en\/wp-json\/wp\/v2\/media\/32873"}],"wp:attachment":[{"href":"https:\/\/www.radiomarket.fi\/en\/wp-json\/wp\/v2\/media?parent=32872"}],"curies":[{"name":"wp","href":"https:\/\/api.w.org\/{rel}","templated":true}]}}