{"id":32878,"date":"2022-06-26T00:54:35","date_gmt":"2022-06-25T21:54:35","guid":{"rendered":"https:\/\/www.radiomarket.fi\/?post_type=product&#038;p=32878"},"modified":"2022-10-19T13:41:36","modified_gmt":"2022-10-19T10:41:36","slug":"ekun0049-kennex-mf-301-solid-state","status":"publish","type":"product","link":"https:\/\/www.radiomarket.fi\/en\/kohde\/ekun0049-kennex-mf-301-solid-state\/","title":{"rendered":"EKUN0049 Kennex MF 301 Solid State"},"content":{"rendered":"<p>Lanka liikkuu pahemmin takeltelematta, nupit py\u00f6riv\u00e4t ja virtakytkin toimii. Tuning poikkeuksellisesti vasemmalla ja virtakytkin oikealla. Brittiautosta?<br \/><br \/>Edest\u00e4 muovista pala puuttuu. Muutoin p\u00e4\u00e4llisin puolin kokonaisen oloinen. Pintaruostetta havaittavissa. Ei tutkittu tarkemmin.<br \/><br \/>ULA 88-108 MHz, laajentunut 100 MHz ensin 104:\u00e4\u00e4n ja sitten 108:aan vuonna 1979. USA:ssa tosin aiemmin, mutta ei luultavasti jenkkimarkkinoille tehty koska keskiaallot puuttuvat. Ajoituksen puolesta siis sopisi olemaan 1979 tai uudempi.<\/p>","protected":false},"excerpt":{"rendered":"<p>Lanka liikkuu pahemmin takeltelematta, nupit py\u00f6riv\u00e4t ja virtakytkin toimii. Tuning poikkeuksellisesti vasemmalla ja virtakytkin oikealla. Brittiautosta?Edest\u00e4 muovista pala puuttuu. Muutoin p\u00e4\u00e4llisin puolin kokonaisen oloinen. Pintaruostetta havaittavissa. Ei tutkittu tarkemmin.ULA 88-108 MHz, laajentunut 100 MHz ensin 104:\u00e4\u00e4n ja sitten 108:aan vuonna 1979. USA:ssa tosin aiemmin, mutta ei luultavasti jenkkimarkkinoille tehty koska keskiaallot puuttuvat. Ajoituksen puolesta siis &hellip;<\/p>\n<p class=\"read-more\"> <a class=\"thunk-readmore button\" href=\"https:\/\/www.radiomarket.fi\/en\/kohde\/ekun0049-kennex-mf-301-solid-state\/\"> <span class=\"screen-reader-text\">EKUN0049 Kennex MF 301 Solid State<\/span>Read More<\/a><\/p>","protected":false},"featured_media":35030,"template":"","meta":[],"_links":{"self":[{"href":"https:\/\/www.radiomarket.fi\/en\/wp-json\/wp\/v2\/product\/32878"}],"collection":[{"href":"https:\/\/www.radiomarket.fi\/en\/wp-json\/wp\/v2\/product"}],"about":[{"href":"https:\/\/www.radiomarket.fi\/en\/wp-json\/wp\/v2\/types\/product"}],"wp:featuredmedia":[{"embeddable":true,"href":"https:\/\/www.radiomarket.fi\/en\/wp-json\/wp\/v2\/media\/35030"}],"wp:attachment":[{"href":"https:\/\/www.radiomarket.fi\/en\/wp-json\/wp\/v2\/media?parent=32878"}],"curies":[{"name":"wp","href":"https:\/\/api.w.org\/{rel}","templated":true}]}}