{"id":32919,"date":"2022-06-27T22:51:22","date_gmt":"2022-06-27T19:51:22","guid":{"rendered":"https:\/\/www.radiomarket.fi\/?post_type=product&#038;p=32919"},"modified":"2023-07-25T10:32:57","modified_gmt":"2023-07-25T07:32:57","slug":"ekum0322-aerial-parabioliantenni-lasikuitukuvulla","status":"publish","type":"product","link":"https:\/\/www.radiomarket.fi\/en\/kohde\/ekum0322-aerial-parabioliantenni-lasikuitukuvulla\/","title":{"rendered":"EKUM0322 Aerial paraboliantenni lasikuitukuvulla ja mikrop\u00e4\u00e4ll\u00e4"},"content":{"rendered":"<p>Linkkipeili varusteineen, vain nouto.<\/p>","protected":false},"excerpt":{"rendered":"<p>Linkkipeili varusteineen, vain nouto.<\/p>","protected":false},"featured_media":32920,"template":"","meta":[],"_links":{"self":[{"href":"https:\/\/www.radiomarket.fi\/en\/wp-json\/wp\/v2\/product\/32919"}],"collection":[{"href":"https:\/\/www.radiomarket.fi\/en\/wp-json\/wp\/v2\/product"}],"about":[{"href":"https:\/\/www.radiomarket.fi\/en\/wp-json\/wp\/v2\/types\/product"}],"wp:featuredmedia":[{"embeddable":true,"href":"https:\/\/www.radiomarket.fi\/en\/wp-json\/wp\/v2\/media\/32920"}],"wp:attachment":[{"href":"https:\/\/www.radiomarket.fi\/en\/wp-json\/wp\/v2\/media?parent=32919"}],"curies":[{"name":"wp","href":"https:\/\/api.w.org\/{rel}","templated":true}]}}