{"id":33016,"date":"2022-07-12T16:05:31","date_gmt":"2022-07-12T13:05:31","guid":{"rendered":"https:\/\/www.radiomarket.fi\/?post_type=product&#038;p=33016"},"modified":"2022-07-10T16:09:15","modified_gmt":"2022-07-10T13:09:15","slug":"ekub0232-vastaus-tahan-kirjeeseen-osoitettava-ylilaakarille-leimasin-1950-luku","status":"publish","type":"product","link":"https:\/\/www.radiomarket.fi\/en\/kohde\/ekub0232-vastaus-tahan-kirjeeseen-osoitettava-ylilaakarille-leimasin-1950-luku\/","title":{"rendered":"EKUB0231 Vastaus t\u00e4h\u00e4n kirjeeseen osoitettava ylil\u00e4\u00e4k\u00e4rille -leimasin, 1950-luku"},"content":{"rendered":"Vanha hyv\u00e4kuntoinen leimasin. Per\u00e4isin HYKS Lapinlahden mielisairaalasta.","protected":false},"excerpt":{"rendered":"<p>Vanha hyv\u00e4kuntoinen leimasin. Per\u00e4isin HYKS Lapinlahden mielisairaalasta.<\/p>","protected":false},"featured_media":33017,"template":"","meta":[],"_links":{"self":[{"href":"https:\/\/www.radiomarket.fi\/en\/wp-json\/wp\/v2\/product\/33016"}],"collection":[{"href":"https:\/\/www.radiomarket.fi\/en\/wp-json\/wp\/v2\/product"}],"about":[{"href":"https:\/\/www.radiomarket.fi\/en\/wp-json\/wp\/v2\/types\/product"}],"wp:featuredmedia":[{"embeddable":true,"href":"https:\/\/www.radiomarket.fi\/en\/wp-json\/wp\/v2\/media\/33017"}],"wp:attachment":[{"href":"https:\/\/www.radiomarket.fi\/en\/wp-json\/wp\/v2\/media?parent=33016"}],"curies":[{"name":"wp","href":"https:\/\/api.w.org\/{rel}","templated":true}]}}