{"id":33183,"date":"2022-07-16T06:42:20","date_gmt":"2022-07-16T03:42:20","guid":{"rendered":"https:\/\/www.radiomarket.fi\/?post_type=product&#038;p=33183"},"modified":"2022-07-16T06:44:34","modified_gmt":"2022-07-16T03:44:34","slug":"ekum1425-69-cm-4-ohm-kaiutinelementti","status":"publish","type":"product","link":"https:\/\/www.radiomarket.fi\/en\/kohde\/ekum1425-69-cm-4-ohm-kaiutinelementti\/","title":{"rendered":"EKUM1425 6,9 cm 4 Ohm kaiutinelementti"},"content":{"rendered":"<p>P\u00e4\u00e4s\u00e4\u00e4nt\u00f6isesti k\u00e4ytettyj\u00e4 kaiutinelementtej\u00e4. EKUM14 -alkuisilla tuotenumeroilla olevat kaiutinelementit on testattu yleismittarilla ja otsikossa mainittu impedanssi on mitattu. Mitattu impedanssi saattaa poiketa kaiuttimeen merkityst\u00e4 kuvissa n\u00e4kyv\u00e4st\u00e4 impedanssista. Kaiutinelementtej\u00e4 ei ole soittotestattu.<\/p><p>Reunavikaa.<\/p>","protected":false},"excerpt":{"rendered":"<p>P\u00e4\u00e4s\u00e4\u00e4nt\u00f6isesti k\u00e4ytettyj\u00e4 kaiutinelementtej\u00e4. EKUM14 -alkuisilla tuotenumeroilla olevat kaiutinelementit on testattu yleismittarilla ja otsikossa mainittu impedanssi on mitattu. Mitattu impedanssi saattaa poiketa kaiuttimeen merkityst\u00e4 kuvissa n\u00e4kyv\u00e4st\u00e4 impedanssista. Kaiutinelementtej\u00e4 ei ole soittotestattu.Reunavikaa.<\/p>","protected":false},"featured_media":33185,"template":"","meta":[],"_links":{"self":[{"href":"https:\/\/www.radiomarket.fi\/en\/wp-json\/wp\/v2\/product\/33183"}],"collection":[{"href":"https:\/\/www.radiomarket.fi\/en\/wp-json\/wp\/v2\/product"}],"about":[{"href":"https:\/\/www.radiomarket.fi\/en\/wp-json\/wp\/v2\/types\/product"}],"wp:featuredmedia":[{"embeddable":true,"href":"https:\/\/www.radiomarket.fi\/en\/wp-json\/wp\/v2\/media\/33185"}],"wp:attachment":[{"href":"https:\/\/www.radiomarket.fi\/en\/wp-json\/wp\/v2\/media?parent=33183"}],"curies":[{"name":"wp","href":"https:\/\/api.w.org\/{rel}","templated":true}]}}