{"id":33503,"date":"2022-07-20T13:55:34","date_gmt":"2022-07-20T10:55:34","guid":{"rendered":"https:\/\/www.radiomarket.fi\/?post_type=product&#038;p=33503"},"modified":"2022-07-20T14:17:01","modified_gmt":"2022-07-20T11:17:01","slug":"ekum1040-telefunken-andante-9-kaiutinelementti","status":"publish","type":"product","link":"https:\/\/www.radiomarket.fi\/en\/kohde\/ekum1040-telefunken-andante-9-kaiutinelementti\/","title":{"rendered":"EKUM1040 Telefunken Andante 9 kaiutinelementti"},"content":{"rendered":"<p>Reik\u00e4v\u00e4li n. 8x8cm. Elementin halkaisija n. 10cm. Impedanssi mitattu 5 ohmia, rapisee paristotestiss\u00e4.<\/p><p>&nbsp;<\/p><p>&nbsp;<\/p>","protected":false},"excerpt":{"rendered":"<p>Reik\u00e4v\u00e4li n. 8x8cm. Elementin halkaisija n. 10cm. Impedanssi mitattu 5 ohmia, rapisee paristotestiss\u00e4.&nbsp;&nbsp;<\/p>","protected":false},"featured_media":33505,"template":"","meta":[],"_links":{"self":[{"href":"https:\/\/www.radiomarket.fi\/en\/wp-json\/wp\/v2\/product\/33503"}],"collection":[{"href":"https:\/\/www.radiomarket.fi\/en\/wp-json\/wp\/v2\/product"}],"about":[{"href":"https:\/\/www.radiomarket.fi\/en\/wp-json\/wp\/v2\/types\/product"}],"wp:featuredmedia":[{"embeddable":true,"href":"https:\/\/www.radiomarket.fi\/en\/wp-json\/wp\/v2\/media\/33505"}],"wp:attachment":[{"href":"https:\/\/www.radiomarket.fi\/en\/wp-json\/wp\/v2\/media?parent=33503"}],"curies":[{"name":"wp","href":"https:\/\/api.w.org\/{rel}","templated":true}]}}