{"id":33508,"date":"2022-07-21T20:48:26","date_gmt":"2022-07-21T17:48:26","guid":{"rendered":"https:\/\/www.radiomarket.fi\/?post_type=product&#038;p=33508"},"modified":"2022-07-24T09:06:35","modified_gmt":"2022-07-24T06:06:35","slug":"ekua7880-aga-laji-3291-ekus","status":"publish","type":"product","link":"https:\/\/www.radiomarket.fi\/en\/kohde\/ekua7880-aga-laji-3291-ekus\/","title":{"rendered":"EKUA7880 Aga Laji 3291 (EKUS)"},"content":{"rendered":"<p>Putkiradio, virta tulee, ei \u00e4\u00e4nt\u00e4. Volumepotikka jumissa. Kotelo uudelleen lakattu. Kaiutinelementeist\u00e4 toinen huonosti kiinni. Koneisto vaikuttaa kokonaiselta. P\u00e4\u00e4tykaiutinritil\u00e4t ok. Ulommaiset painonapit korjattu (virtapainike ja ULA-nappi). Ei havaittu muuta silm\u00e4m\u00e4\u00e4r\u00e4isess\u00e4 tarkastelussa.<br \/><br \/><strong>Myyty ainakin seuraavat osat:<\/strong><br \/><br \/>&#8211;<\/p>","protected":false},"excerpt":{"rendered":"<p>Putkiradio, virta tulee, ei \u00e4\u00e4nt\u00e4. Volumepotikka jumissa. Kotelo uudelleen lakattu. Kaiutinelementeist\u00e4 toinen huonosti kiinni. Koneisto vaikuttaa kokonaiselta. P\u00e4\u00e4tykaiutinritil\u00e4t ok. Ulommaiset painonapit korjattu (virtapainike ja ULA-nappi). Ei havaittu muuta silm\u00e4m\u00e4\u00e4r\u00e4isess\u00e4 tarkastelussa.Myyty ainakin seuraavat osat:&#8211;<\/p>","protected":false},"featured_media":0,"template":"","meta":[],"_links":{"self":[{"href":"https:\/\/www.radiomarket.fi\/en\/wp-json\/wp\/v2\/product\/33508"}],"collection":[{"href":"https:\/\/www.radiomarket.fi\/en\/wp-json\/wp\/v2\/product"}],"about":[{"href":"https:\/\/www.radiomarket.fi\/en\/wp-json\/wp\/v2\/types\/product"}],"wp:attachment":[{"href":"https:\/\/www.radiomarket.fi\/en\/wp-json\/wp\/v2\/media?parent=33508"}],"curies":[{"name":"wp","href":"https:\/\/api.w.org\/{rel}","templated":true}]}}