{"id":33529,"date":"2022-07-24T09:14:20","date_gmt":"2022-07-24T06:14:20","guid":{"rendered":"https:\/\/www.radiomarket.fi\/?post_type=product&#038;p=33529"},"modified":"2023-11-11T03:53:49","modified_gmt":"2023-11-11T01:53:49","slug":"ekum1600-jatkosodan-rintamaradiot-heikki-marttila","status":"publish","type":"product","link":"https:\/\/www.radiomarket.fi\/en\/kohde\/ekum1600-jatkosodan-rintamaradiot-heikki-marttila\/","title":{"rendered":"EKUM1600 Jatkosodan rintamaradiot &#8211; Heikki Marttila"},"content":{"rendered":"<p>Heikki Marttila on koonnut artikkelisarjansa jatkosodan rintamaradioista erillisjulkaisuksi. Julkaisussa on paljolti samaa materiaalia kuin on ilmestynyt Heikki Marttilan juttusarjassa SRHS:n j\u00e4senlehdess\u00e4. Heikki on painotuoretta julkaisua varten kuitenkin t\u00e4ydent\u00e4nyt lis\u00e4materaalilla juttuja, jotka ovat ilmestyneet Radiot-lehdess\u00e4. Jatkosodan rintamaradiot -julkaisu kertoo rintamaradioista yleisesti, ja k\u00e4sittelee my\u00f6s radionkuuntelua sek\u00e4 vastaanottimia rintamilla. Erillisiss\u00e4 artikkeleissa Heikki tekee selkoa Aunuksen, Kannaksen, Korven, Maasel\u00e4n sek\u00e4 Vienan rintamaradioista, jokaisesta erikseen. Julkaisussa on SA-kuvan autenttista kuvamateriaalia runsaasti. SRHS:n kustantamaa julkaisua myy mm. Pet\u00e4j\u00e4veden radio- ja puhelinmuseo. 32-sivuisen, aikakausilehtikokoa olevan julkaisun hinta on 12.90 euroa paikan p\u00e4\u00e4lt\u00e4 ostettuna, verkkokaupan kautta lis\u00e4t\u00e4\u00e4n toimituskulut.<br \/><br \/>Heikki Marttila kertoo alla tutkimusty\u00f6st\u00e4\u00e4n:<br \/><br \/><strong>Rintamaradiot, eli kuinka mopo karkasi k\u00e4sist\u00e4<\/strong><\/p><p><em>Aluksi oli ajatus kirjoittaa jatkosodan aikaisista rintamaradioista lyhyt kirjoitus tai pari. Sit\u00e4 puolsi my\u00f6s se, ett\u00e4 materiaalia oli <\/em><em>niukasti k\u00e4sill\u00e4. T\u00e4m\u00e4 oli tilanne runsas kaksi vuotta sitten. Materiaalia alkoi kuitenkin l\u00f6yty\u00e4: Kauko Viitanen l\u00e4hetti monta <\/em><em>hyv\u00e4\u00e4 lehtileikett\u00e4, Martti Susitaival v\u00e4litti Korven Radion p\u00e4iv\u00e4kirjatietoja ja Lasse Vihosen opastamana p\u00e4\u00e4sin tutustumaan <\/em><em>Kansallisarkistoon ja Kansalliskirjastoon.<\/em><br \/><br \/><em>Kansallisarkistossa olevien Tiedostuskeskusten materiaalien selailemisessa meni muutama p\u00e4iv\u00e4. Enemm\u00e4n aikaa sai<\/em><br \/><em>kulumaan Kansalliskirjastossa. Filmeill\u00e4 olevat rintamalehdet, joita my\u00f6s virallisissa papereissa kentt\u00e4lehdiksi mainitaan,<\/em><br \/><em>olivat hyv\u00e4 tietol\u00e4hde. Yhden lehden vuosikerran selaamiseen meni aina yksi kirjastossa k\u00e4ynti ja kun lehti\u00e4 oli useita, niin<\/em><br \/><em>minusta tuli vakiovieras Kansalliskirjastossa. Toisaalta, mukavahan niin komeassa paikassa on k\u00e4yd\u00e4. Ja noista rintamalehdist\u00e4 <\/em><em>l\u00f6ytyi rintamaradioiden ohjelma- ja taajuustietojen lis\u00e4ksi paljon muutakin tietoa. Kuten erimerkiksi sotilaiden <\/em><em>viihdytt\u00e4miseksi artikkeli Marssin asukkaista.<\/em><br \/><br \/><em>Aihetta k\u00e4sittelevi\u00e4 kirjojakin sain ja l\u00f6ysin. SA-kuvagalleriasta l\u00f6ytyi runsaasti kuvia. Ilta jos toinenkin kului kotona netin<\/em><br \/><em>kautta niit\u00e4 kuvia selatessa. Nyt alkoi olla ainekset k\u00e4siss\u00e4 mopon karkaamisesta k\u00e4sist\u00e4. Vienan Radio, Korven Radio,<\/em><br \/><em>Maasel\u00e4n Radio, Aunuksen Radio ja Kannaksen Radio olivat kukin oman artikkelin aiheena. Korven Radio julkaistiin Radiot &#8211;<\/em><br \/><em>lehdess\u00e4 4\/2016. Viimeisin, eli Kannaksen Radio oli lehdess\u00e4 2\/2018. Viel\u00e4 samaan sarjaan kuuluu artikkeli korsujen<\/em><br \/><em>radiovastaanottimista, joka odottaa julkaisua.<\/em><br \/><br \/><em>N\u00e4ist\u00e4 kaikista on 32-sivuinen kooste, jota on kopioitu pienehk\u00f6 m\u00e4\u00e4r\u00e4, eli 150 kpl. Myynniss\u00e4 oli Kouvolan<\/em><br \/><em>Sotilasradiop\u00e4ivill\u00e4 sek\u00e4 on jonkin verran saatavissa Pet\u00e4j\u00e4veden puhelin- ja radiomuseolla.<\/em><br \/><em>En voi viel\u00e4 vihelt\u00e4\u00e4 peli\u00e4 poikki. Tarkentavaa tietoa on l\u00f6ytynyt mm. Aunuksen Radiosta sotap\u00e4iv\u00e4kirjojen kautta. Jos tuota<\/em><br \/><em>koostetta joskus viel\u00e4 kopioidaan, niin siihen saadaan viel\u00e4 tarkennuksia. Ja radioautot ovat viel\u00e4 k\u00e4sittelem\u00e4tt\u00e4.<\/em><br \/><br \/><em>Heikki Marttila<\/em><br \/><br \/><\/p>","protected":false},"excerpt":{"rendered":"<p>Heikki Marttila on koonnut artikkelisarjansa jatkosodan rintamaradioista erillisjulkaisuksi. Julkaisussa on paljolti samaa materiaalia kuin on ilmestynyt Heikki Marttilan juttusarjassa SRHS:n j\u00e4senlehdess\u00e4. Heikki on painotuoretta julkaisua varten kuitenkin t\u00e4ydent\u00e4nyt lis\u00e4materaalilla juttuja, jotka ovat ilmestyneet Radiot-lehdess\u00e4. Jatkosodan rintamaradiot -julkaisu kertoo rintamaradioista yleisesti, ja k\u00e4sittelee my\u00f6s radionkuuntelua sek\u00e4 vastaanottimia rintamilla. Erillisiss\u00e4 artikkeleissa Heikki tekee selkoa Aunuksen, Kannaksen, Korven, &hellip;<\/p>\n<p class=\"read-more\"> <a class=\"thunk-readmore button\" href=\"https:\/\/www.radiomarket.fi\/en\/kohde\/ekum1600-jatkosodan-rintamaradiot-heikki-marttila\/\"> <span class=\"screen-reader-text\">EKUM1600 Jatkosodan rintamaradiot &#8211; Heikki Marttila<\/span>Read More<\/a><\/p>","protected":false},"featured_media":33530,"template":"","meta":[],"_links":{"self":[{"href":"https:\/\/www.radiomarket.fi\/en\/wp-json\/wp\/v2\/product\/33529"}],"collection":[{"href":"https:\/\/www.radiomarket.fi\/en\/wp-json\/wp\/v2\/product"}],"about":[{"href":"https:\/\/www.radiomarket.fi\/en\/wp-json\/wp\/v2\/types\/product"}],"wp:featuredmedia":[{"embeddable":true,"href":"https:\/\/www.radiomarket.fi\/en\/wp-json\/wp\/v2\/media\/33530"}],"wp:attachment":[{"href":"https:\/\/www.radiomarket.fi\/en\/wp-json\/wp\/v2\/media?parent=33529"}],"curies":[{"name":"wp","href":"https:\/\/api.w.org\/{rel}","templated":true}]}}