{"id":33535,"date":"2022-07-24T18:31:20","date_gmt":"2022-07-24T15:31:20","guid":{"rendered":"https:\/\/www.radiomarket.fi\/?post_type=product&#038;p=33535"},"modified":"2022-07-24T18:33:15","modified_gmt":"2022-07-24T15:33:15","slug":"ekub0234-laaketilaus-leimasin-1950-luvulta","status":"publish","type":"product","link":"https:\/\/www.radiomarket.fi\/en\/kohde\/ekub0234-laaketilaus-leimasin-1950-luvulta\/","title":{"rendered":"EKUB0235 l\u00e4\u00e4ketilaus-leimasin 1950-luvulta"},"content":{"rendered":"Vanha hyv\u00e4kuntoinen leimasin. Per\u00e4isin HYKS Lapinlahden psykiatrisesta sairaalasta.","protected":false},"excerpt":{"rendered":"<p>Vanha hyv\u00e4kuntoinen leimasin. Per\u00e4isin HYKS Lapinlahden psykiatrisesta sairaalasta.<\/p>","protected":false},"featured_media":33536,"template":"","meta":[],"_links":{"self":[{"href":"https:\/\/www.radiomarket.fi\/en\/wp-json\/wp\/v2\/product\/33535"}],"collection":[{"href":"https:\/\/www.radiomarket.fi\/en\/wp-json\/wp\/v2\/product"}],"about":[{"href":"https:\/\/www.radiomarket.fi\/en\/wp-json\/wp\/v2\/types\/product"}],"wp:featuredmedia":[{"embeddable":true,"href":"https:\/\/www.radiomarket.fi\/en\/wp-json\/wp\/v2\/media\/33536"}],"wp:attachment":[{"href":"https:\/\/www.radiomarket.fi\/en\/wp-json\/wp\/v2\/media?parent=33535"}],"curies":[{"name":"wp","href":"https:\/\/api.w.org\/{rel}","templated":true}]}}