{"id":33539,"date":"2022-07-24T18:36:41","date_gmt":"2022-07-24T15:36:41","guid":{"rendered":"https:\/\/www.radiomarket.fi\/?post_type=product&#038;p=33539"},"modified":"2022-10-22T07:56:29","modified_gmt":"2022-10-22T04:56:29","slug":"ekub0236-hyks-hermotautien-ja-psykiatrian-klinikat-leimasin","status":"publish","type":"product","link":"https:\/\/www.radiomarket.fi\/en\/kohde\/ekub0236-hyks-hermotautien-ja-psykiatrian-klinikat-leimasin\/","title":{"rendered":"EKUB0237 HYKS Hermotautien ja psykiatrian klinikat -leimasin"},"content":{"rendered":"Vanha hyv\u00e4kuntoinen leimasin. Per\u00e4isin HYKS Lapinlahden psykiatrisesta sairaalasta.","protected":false},"excerpt":{"rendered":"<p>Vanha hyv\u00e4kuntoinen leimasin. Per\u00e4isin HYKS Lapinlahden psykiatrisesta sairaalasta.<\/p>","protected":false},"featured_media":33540,"template":"","meta":[],"_links":{"self":[{"href":"https:\/\/www.radiomarket.fi\/en\/wp-json\/wp\/v2\/product\/33539"}],"collection":[{"href":"https:\/\/www.radiomarket.fi\/en\/wp-json\/wp\/v2\/product"}],"about":[{"href":"https:\/\/www.radiomarket.fi\/en\/wp-json\/wp\/v2\/types\/product"}],"wp:featuredmedia":[{"embeddable":true,"href":"https:\/\/www.radiomarket.fi\/en\/wp-json\/wp\/v2\/media\/33540"}],"wp:attachment":[{"href":"https:\/\/www.radiomarket.fi\/en\/wp-json\/wp\/v2\/media?parent=33539"}],"curies":[{"name":"wp","href":"https:\/\/api.w.org\/{rel}","templated":true}]}}