{"id":33542,"date":"2022-07-24T18:41:48","date_gmt":"2022-07-24T15:41:48","guid":{"rendered":"https:\/\/www.radiomarket.fi\/?post_type=product&#038;p=33542"},"modified":"2023-05-18T14:00:32","modified_gmt":"2023-05-18T11:00:32","slug":"ekub0238-psykiatrian-klinikka-ylihoitaja-lapinlahden-sairaala","status":"publish","type":"product","link":"https:\/\/www.radiomarket.fi\/en\/kohde\/ekub0238-psykiatrian-klinikka-ylihoitaja-lapinlahden-sairaala\/","title":{"rendered":"EKUB0238 psykiatrian klinikka ylihoitaja Lapinlahden sairaala"},"content":{"rendered":"Vanha hyv\u00e4kuntoinen leimasin. Per\u00e4isin HYKS Lapinlahden sairaalasta.","protected":false},"excerpt":{"rendered":"<p>Vanha hyv\u00e4kuntoinen leimasin. Per\u00e4isin HYKS Lapinlahden sairaalasta.<\/p>","protected":false},"featured_media":33543,"template":"","meta":[],"_links":{"self":[{"href":"https:\/\/www.radiomarket.fi\/en\/wp-json\/wp\/v2\/product\/33542"}],"collection":[{"href":"https:\/\/www.radiomarket.fi\/en\/wp-json\/wp\/v2\/product"}],"about":[{"href":"https:\/\/www.radiomarket.fi\/en\/wp-json\/wp\/v2\/types\/product"}],"wp:featuredmedia":[{"embeddable":true,"href":"https:\/\/www.radiomarket.fi\/en\/wp-json\/wp\/v2\/media\/33543"}],"wp:attachment":[{"href":"https:\/\/www.radiomarket.fi\/en\/wp-json\/wp\/v2\/media?parent=33542"}],"curies":[{"name":"wp","href":"https:\/\/api.w.org\/{rel}","templated":true}]}}