{"id":33544,"date":"2022-07-24T18:44:03","date_gmt":"2022-07-24T15:44:03","guid":{"rendered":"https:\/\/www.radiomarket.fi\/?post_type=product&#038;p=33544"},"modified":"2023-06-06T13:27:41","modified_gmt":"2023-06-06T10:27:41","slug":"ekub0240-lapinlahden-sairaala-e-e-g-laboratorio","status":"publish","type":"product","link":"https:\/\/www.radiomarket.fi\/en\/kohde\/ekub0240-lapinlahden-sairaala-e-e-g-laboratorio\/","title":{"rendered":"EKUB0240 Lapinlahden sairaala e.e.g-laboratorio"},"content":{"rendered":"Vanha hyv\u00e4kuntoinen leimasin. Per\u00e4isin HYKS Lapinlahden sairaalasta.","protected":false},"excerpt":{"rendered":"<p>Vanha hyv\u00e4kuntoinen leimasin. Per\u00e4isin HYKS Lapinlahden sairaalasta.<\/p>","protected":false},"featured_media":33545,"template":"","meta":[],"_links":{"self":[{"href":"https:\/\/www.radiomarket.fi\/en\/wp-json\/wp\/v2\/product\/33544"}],"collection":[{"href":"https:\/\/www.radiomarket.fi\/en\/wp-json\/wp\/v2\/product"}],"about":[{"href":"https:\/\/www.radiomarket.fi\/en\/wp-json\/wp\/v2\/types\/product"}],"wp:featuredmedia":[{"embeddable":true,"href":"https:\/\/www.radiomarket.fi\/en\/wp-json\/wp\/v2\/media\/33545"}],"wp:attachment":[{"href":"https:\/\/www.radiomarket.fi\/en\/wp-json\/wp\/v2\/media?parent=33544"}],"curies":[{"name":"wp","href":"https:\/\/api.w.org\/{rel}","templated":true}]}}