{"id":33550,"date":"2022-07-31T19:32:06","date_gmt":"2022-07-31T16:32:06","guid":{"rendered":"https:\/\/www.radiomarket.fi\/?post_type=product&#038;p=33550"},"modified":"2022-07-24T19:34:07","modified_gmt":"2022-07-24T16:34:07","slug":"ekub0242-lapinlhden-sairaalan-sosiaalihoitajan-leimasin","status":"publish","type":"product","link":"https:\/\/www.radiomarket.fi\/en\/kohde\/ekub0242-lapinlhden-sairaalan-sosiaalihoitajan-leimasin\/","title":{"rendered":"EKUB0242 Lapinlhden sairaalan sosiaalihoitajan leimasin"},"content":{"rendered":"Vanha hyv\u00e4kuntoinen leimasin. Per\u00e4isin HYKS Lapinlahden sairaalasta.","protected":false},"excerpt":{"rendered":"<p>Vanha hyv\u00e4kuntoinen leimasin. Per\u00e4isin HYKS Lapinlahden sairaalasta.<\/p>","protected":false},"featured_media":33551,"template":"","meta":[],"_links":{"self":[{"href":"https:\/\/www.radiomarket.fi\/en\/wp-json\/wp\/v2\/product\/33550"}],"collection":[{"href":"https:\/\/www.radiomarket.fi\/en\/wp-json\/wp\/v2\/product"}],"about":[{"href":"https:\/\/www.radiomarket.fi\/en\/wp-json\/wp\/v2\/types\/product"}],"wp:featuredmedia":[{"embeddable":true,"href":"https:\/\/www.radiomarket.fi\/en\/wp-json\/wp\/v2\/media\/33551"}],"wp:attachment":[{"href":"https:\/\/www.radiomarket.fi\/en\/wp-json\/wp\/v2\/media?parent=33550"}],"curies":[{"name":"wp","href":"https:\/\/api.w.org\/{rel}","templated":true}]}}