{"id":33575,"date":"2022-07-25T11:42:10","date_gmt":"2022-07-25T08:42:10","guid":{"rendered":"https:\/\/www.radiomarket.fi\/?post_type=product&#038;p=33575"},"modified":"2022-09-18T09:32:19","modified_gmt":"2022-09-18T06:32:19","slug":"ekus0165-philips-694v-46","status":"publish","type":"product","link":"https:\/\/www.radiomarket.fi\/en\/kohde\/ekus0165-philips-694v-46\/","title":{"rendered":"EKUS0165 Philips 694V-46"},"content":{"rendered":"<p>Siisti kone. Myyd\u00e4\u00e4n kokonaisena. Upea sota-ajan kotikone.<br \/><br \/><strong>Ainakin seuraavat osat puuttuvat tai purettu:<\/strong><br \/><br \/>Ei n\u00e4k\u00f6viritysputkea, mallia myyty alunalkaenkin ilman ko. putkea.<\/p><p>Ei tutkittu tarkemmin. Varmistathan tietojen oikeellisuuden myyj\u00e4lt\u00e4.<\/p>","protected":false},"excerpt":{"rendered":"<p>Siisti kone. Myyd\u00e4\u00e4n kokonaisena. Upea sota-ajan kotikone.Ainakin seuraavat osat puuttuvat tai purettu:Ei n\u00e4k\u00f6viritysputkea, mallia myyty alunalkaenkin ilman ko. putkea.Ei tutkittu tarkemmin. Varmistathan tietojen oikeellisuuden myyj\u00e4lt\u00e4.<\/p>","protected":false},"featured_media":34659,"template":"","meta":[],"_links":{"self":[{"href":"https:\/\/www.radiomarket.fi\/en\/wp-json\/wp\/v2\/product\/33575"}],"collection":[{"href":"https:\/\/www.radiomarket.fi\/en\/wp-json\/wp\/v2\/product"}],"about":[{"href":"https:\/\/www.radiomarket.fi\/en\/wp-json\/wp\/v2\/types\/product"}],"wp:featuredmedia":[{"embeddable":true,"href":"https:\/\/www.radiomarket.fi\/en\/wp-json\/wp\/v2\/media\/34659"}],"wp:attachment":[{"href":"https:\/\/www.radiomarket.fi\/en\/wp-json\/wp\/v2\/media?parent=33575"}],"curies":[{"name":"wp","href":"https:\/\/api.w.org\/{rel}","templated":true}]}}