{"id":33592,"date":"2022-07-25T15:07:49","date_gmt":"2022-07-25T12:07:49","guid":{"rendered":"https:\/\/www.radiomarket.fi\/?post_type=product&#038;p=33592"},"modified":"2022-07-28T21:33:04","modified_gmt":"2022-07-28T18:33:04","slug":"ekus0180-transceiver-model-ct-2701","status":"publish","type":"product","link":"https:\/\/www.radiomarket.fi\/en\/kohde\/ekus0180-transceiver-model-ct-2701\/","title":{"rendered":"EKUS0180 Transceiver Model CT-2701"},"content":{"rendered":"<p>LA-puhelin. Antennin tilalla p\u00e4tk\u00e4 koksia, ei alkuper\u00e4ist\u00e4 antennia. \r\n&#8220;ALL TR-TRANCEIVER&#8221; <br \/>\r\n<br \/><strong>Ainakin seuraavat osat puuttuvat tai purettu:<\/strong><\/p><p>Ei tutkittu tarkemmin. Varmistathan tietojen oikeellisuuden myyj\u00e4lt\u00e4.<\/p>","protected":false},"excerpt":{"rendered":"<p>LA-puhelin. Antennin tilalla p\u00e4tk\u00e4 koksia, ei alkuper\u00e4ist\u00e4 antennia. &#8220;ALL TR-TRANCEIVER&#8221; Ainakin seuraavat osat puuttuvat tai purettu:Ei tutkittu tarkemmin. Varmistathan tietojen oikeellisuuden myyj\u00e4lt\u00e4.<\/p>","protected":false},"featured_media":33758,"template":"","meta":[],"_links":{"self":[{"href":"https:\/\/www.radiomarket.fi\/en\/wp-json\/wp\/v2\/product\/33592"}],"collection":[{"href":"https:\/\/www.radiomarket.fi\/en\/wp-json\/wp\/v2\/product"}],"about":[{"href":"https:\/\/www.radiomarket.fi\/en\/wp-json\/wp\/v2\/types\/product"}],"wp:featuredmedia":[{"embeddable":true,"href":"https:\/\/www.radiomarket.fi\/en\/wp-json\/wp\/v2\/media\/33758"}],"wp:attachment":[{"href":"https:\/\/www.radiomarket.fi\/en\/wp-json\/wp\/v2\/media?parent=33592"}],"curies":[{"name":"wp","href":"https:\/\/api.w.org\/{rel}","templated":true}]}}