{"id":33605,"date":"2022-07-25T15:44:15","date_gmt":"2022-07-25T12:44:15","guid":{"rendered":"https:\/\/www.radiomarket.fi\/?post_type=product&#038;p=33605"},"modified":"2023-01-26T19:04:16","modified_gmt":"2023-01-26T17:04:16","slug":"ekus0195-heathkit-antenna-impedance-meter-model-a-m-1","status":"publish","type":"product","link":"https:\/\/www.radiomarket.fi\/en\/kohde\/ekus0195-heathkit-antenna-impedance-meter-model-a-m-1\/","title":{"rendered":"EKUS0195 Heathkit Antenna Impedance Meter Model A M -1"},"content":{"rendered":"<p>K\u00e4ytet\u00e4\u00e4n Grid Dip -mittarin kanssa.<br \/><br \/><strong>Ainakin seuraavat osat puuttuvat tai purettu:<\/strong><\/p><p>Ei tutkittu tarkemmin. Varmistathan tietojen oikeellisuuden myyj\u00e4lt\u00e4.<\/p>","protected":false},"excerpt":{"rendered":"<p>K\u00e4ytet\u00e4\u00e4n Grid Dip -mittarin kanssa.Ainakin seuraavat osat puuttuvat tai purettu:Ei tutkittu tarkemmin. Varmistathan tietojen oikeellisuuden myyj\u00e4lt\u00e4.<\/p>","protected":false},"featured_media":34217,"template":"","meta":[],"_links":{"self":[{"href":"https:\/\/www.radiomarket.fi\/en\/wp-json\/wp\/v2\/product\/33605"}],"collection":[{"href":"https:\/\/www.radiomarket.fi\/en\/wp-json\/wp\/v2\/product"}],"about":[{"href":"https:\/\/www.radiomarket.fi\/en\/wp-json\/wp\/v2\/types\/product"}],"wp:featuredmedia":[{"embeddable":true,"href":"https:\/\/www.radiomarket.fi\/en\/wp-json\/wp\/v2\/media\/34217"}],"wp:attachment":[{"href":"https:\/\/www.radiomarket.fi\/en\/wp-json\/wp\/v2\/media?parent=33605"}],"curies":[{"name":"wp","href":"https:\/\/api.w.org\/{rel}","templated":true}]}}