{"id":33624,"date":"2022-07-25T16:35:43","date_gmt":"2022-07-25T13:35:43","guid":{"rendered":"https:\/\/www.radiomarket.fi\/?post_type=product&#038;p=33624"},"modified":"2022-10-02T20:20:23","modified_gmt":"2022-10-02T17:20:23","slug":"ekus0213-pioneer-ke-4900","status":"publish","type":"product","link":"https:\/\/www.radiomarket.fi\/en\/kohde\/ekus0213-pioneer-ke-4900\/","title":{"rendered":"EKUS0213 Pioneer KE-4900"},"content":{"rendered":"<p>\u00a0Alkuper\u00e4isess\u00e4 laatikossaan. Ei testattu, on ainakin k\u00e4ynyt paikallaan mutta eritt\u00e4in siisti.<br \/><br \/><strong>Ainakin seuraavat osat puuttuvat tai purettu:<\/strong><\/p><p>Ei tutkittu tarkemmin. Varmistathan tietojen oikeellisuuden myyj\u00e4lt\u00e4.<\/p>","protected":false},"excerpt":{"rendered":"<p>\u00a0Alkuper\u00e4isess\u00e4 laatikossaan. Ei testattu, on ainakin k\u00e4ynyt paikallaan mutta eritt\u00e4in siisti.Ainakin seuraavat osat puuttuvat tai purettu:Ei tutkittu tarkemmin. Varmistathan tietojen oikeellisuuden myyj\u00e4lt\u00e4.<\/p>","protected":false},"featured_media":33634,"template":"","meta":[],"_links":{"self":[{"href":"https:\/\/www.radiomarket.fi\/en\/wp-json\/wp\/v2\/product\/33624"}],"collection":[{"href":"https:\/\/www.radiomarket.fi\/en\/wp-json\/wp\/v2\/product"}],"about":[{"href":"https:\/\/www.radiomarket.fi\/en\/wp-json\/wp\/v2\/types\/product"}],"wp:featuredmedia":[{"embeddable":true,"href":"https:\/\/www.radiomarket.fi\/en\/wp-json\/wp\/v2\/media\/33634"}],"wp:attachment":[{"href":"https:\/\/www.radiomarket.fi\/en\/wp-json\/wp\/v2\/media?parent=33624"}],"curies":[{"name":"wp","href":"https:\/\/api.w.org\/{rel}","templated":true}]}}