{"id":33625,"date":"2022-07-25T16:38:09","date_gmt":"2022-07-25T13:38:09","guid":{"rendered":"https:\/\/www.radiomarket.fi\/?post_type=product&#038;p=33625"},"modified":"2022-07-25T16:39:38","modified_gmt":"2022-07-25T13:39:38","slug":"ekus0214-regulater-power-supply-monacor-ps-136-virtalahde","status":"publish","type":"product","link":"https:\/\/www.radiomarket.fi\/en\/kohde\/ekus0214-regulater-power-supply-monacor-ps-136-virtalahde\/","title":{"rendered":"EKUS0214 Regulater Power Supply Monacor PS-136 virtal\u00e4hde"},"content":{"rendered":"<p>Hurahtaa, j\u00e4nnitett\u00e4 ei varmennettu.<br \/><br \/><strong>Ainakin seuraavat osat puuttuvat tai purettu:<\/strong><\/p><p>Ei tutkittu tarkemmin. Varmistathan tietojen oikeellisuuden myyj\u00e4lt\u00e4.<\/p>","protected":false},"excerpt":{"rendered":"<p>Hurahtaa, j\u00e4nnitett\u00e4 ei varmennettu.Ainakin seuraavat osat puuttuvat tai purettu:Ei tutkittu tarkemmin. Varmistathan tietojen oikeellisuuden myyj\u00e4lt\u00e4.<\/p>","protected":false},"featured_media":0,"template":"","meta":[],"_links":{"self":[{"href":"https:\/\/www.radiomarket.fi\/en\/wp-json\/wp\/v2\/product\/33625"}],"collection":[{"href":"https:\/\/www.radiomarket.fi\/en\/wp-json\/wp\/v2\/product"}],"about":[{"href":"https:\/\/www.radiomarket.fi\/en\/wp-json\/wp\/v2\/types\/product"}],"wp:attachment":[{"href":"https:\/\/www.radiomarket.fi\/en\/wp-json\/wp\/v2\/media?parent=33625"}],"curies":[{"name":"wp","href":"https:\/\/api.w.org\/{rel}","templated":true}]}}