{"id":33630,"date":"2022-07-25T20:47:20","date_gmt":"2022-07-25T17:47:20","guid":{"rendered":"https:\/\/www.radiomarket.fi\/?post_type=product&#038;p=33630"},"modified":"2022-08-16T16:45:31","modified_gmt":"2022-08-16T13:45:31","slug":"ekum1800-triax-fm-3-kolme-elementtinen-ula-yagi","status":"publish","type":"product","link":"https:\/\/www.radiomarket.fi\/en\/kohde\/ekum1800-triax-fm-3-kolme-elementtinen-ula-yagi\/","title":{"rendered":"EKUM1800 Triax FM 3 kolme-elementtinen ULA-yagi"},"content":{"rendered":"<p>Ollut pari vuotta k\u00e4yt\u00f6ss\u00e4. Uudempi malli F-liittimell\u00e4. Kuvan mastoputki ei kuulu kauppaan.<\/p>","protected":false},"excerpt":{"rendered":"<p>Ollut pari vuotta k\u00e4yt\u00f6ss\u00e4. Uudempi malli F-liittimell\u00e4. Kuvan mastoputki ei kuulu kauppaan.<\/p>","protected":false},"featured_media":33632,"template":"","meta":[],"_links":{"self":[{"href":"https:\/\/www.radiomarket.fi\/en\/wp-json\/wp\/v2\/product\/33630"}],"collection":[{"href":"https:\/\/www.radiomarket.fi\/en\/wp-json\/wp\/v2\/product"}],"about":[{"href":"https:\/\/www.radiomarket.fi\/en\/wp-json\/wp\/v2\/types\/product"}],"wp:featuredmedia":[{"embeddable":true,"href":"https:\/\/www.radiomarket.fi\/en\/wp-json\/wp\/v2\/media\/33632"}],"wp:attachment":[{"href":"https:\/\/www.radiomarket.fi\/en\/wp-json\/wp\/v2\/media?parent=33630"}],"curies":[{"name":"wp","href":"https:\/\/api.w.org\/{rel}","templated":true}]}}