{"id":33780,"date":"2022-07-29T07:34:04","date_gmt":"2022-07-29T04:34:04","guid":{"rendered":"https:\/\/www.radiomarket.fi\/?post_type=product&#038;p=33780"},"modified":"2026-04-13T16:01:58","modified_gmt":"2026-04-13T13:01:58","slug":"sarkyva-lisapalvelu-tilauksesi-toimitukseen","status":"publish","type":"product","link":"https:\/\/www.radiomarket.fi\/en\/kohde\/sarkyva-lisapalvelu-tilauksesi-toimitukseen\/","title":{"rendered":"Suosittelemme putkiradioille: S\u00e4rkyv\u00e4 -lis\u00e4palvelu tilauksesi toimitukseen"},"content":{"rendered":"<p>Osta t\u00e4st\u00e4 Postin s\u00e4rkyv\u00e4 tai Matkahuollon varovasti -lis\u00e4palvelu tilaukseesi. Lis\u00e4palvelua ei ole mahdollista yhdist\u00e4\u00e4 kirjetoimitustuotteisiin.<\/p>","protected":false},"excerpt":{"rendered":"<p>Osta t\u00e4st\u00e4 Postin s\u00e4rkyv\u00e4 tai Matkahuollon varovasti -lis\u00e4palvelu tilaukseesi. Lis\u00e4palvelua ei ole mahdollista yhdist\u00e4\u00e4 kirjetoimitustuotteisiin.<\/p>","protected":false},"featured_media":50005,"template":"","meta":[],"_links":{"self":[{"href":"https:\/\/www.radiomarket.fi\/en\/wp-json\/wp\/v2\/product\/33780"}],"collection":[{"href":"https:\/\/www.radiomarket.fi\/en\/wp-json\/wp\/v2\/product"}],"about":[{"href":"https:\/\/www.radiomarket.fi\/en\/wp-json\/wp\/v2\/types\/product"}],"wp:featuredmedia":[{"embeddable":true,"href":"https:\/\/www.radiomarket.fi\/en\/wp-json\/wp\/v2\/media\/50005"}],"wp:attachment":[{"href":"https:\/\/www.radiomarket.fi\/en\/wp-json\/wp\/v2\/media?parent=33780"}],"curies":[{"name":"wp","href":"https:\/\/api.w.org\/{rel}","templated":true}]}}