{"id":33814,"date":"2022-07-29T10:56:31","date_gmt":"2022-07-29T07:56:31","guid":{"rendered":"https:\/\/www.radiomarket.fi\/?post_type=product&#038;p=33814"},"modified":"2022-07-29T10:58:08","modified_gmt":"2022-07-29T07:58:08","slug":"lars0120-pohjalevy-165x385cm","status":"publish","type":"product","link":"https:\/\/www.radiomarket.fi\/en\/kohde\/lars0120-pohjalevy-165x385cm\/","title":{"rendered":"LARS0120 pohjalevy 16,5&#215;38,5cm"},"content":{"rendered":"<p>Putkiradion tmv. taka- tai pohjalevy. K\u00e4ytettyj\u00e4, purkulaitteista purettuja. Toimitetaan mittojen salliessa kirjeen\u00e4, muutoin postin pakettina. Kirjeen maksimimitat 250 mm x 353 mm x 30 mm.<\/p>","protected":false},"excerpt":{"rendered":"<p>Putkiradion tmv. taka- tai pohjalevy. K\u00e4ytettyj\u00e4, purkulaitteista purettuja. Toimitetaan mittojen salliessa kirjeen\u00e4, muutoin postin pakettina. Kirjeen maksimimitat 250 mm x 353 mm x 30 mm.<\/p>","protected":false},"featured_media":33816,"template":"","meta":[],"_links":{"self":[{"href":"https:\/\/www.radiomarket.fi\/en\/wp-json\/wp\/v2\/product\/33814"}],"collection":[{"href":"https:\/\/www.radiomarket.fi\/en\/wp-json\/wp\/v2\/product"}],"about":[{"href":"https:\/\/www.radiomarket.fi\/en\/wp-json\/wp\/v2\/types\/product"}],"wp:featuredmedia":[{"embeddable":true,"href":"https:\/\/www.radiomarket.fi\/en\/wp-json\/wp\/v2\/media\/33816"}],"wp:attachment":[{"href":"https:\/\/www.radiomarket.fi\/en\/wp-json\/wp\/v2\/media?parent=33814"}],"curies":[{"name":"wp","href":"https:\/\/api.w.org\/{rel}","templated":true}]}}