{"id":33855,"date":"2025-11-04T11:37:07","date_gmt":"2025-11-04T09:37:07","guid":{"rendered":"https:\/\/www.radiomarket.fi\/?post_type=product&#038;p=33855"},"modified":"2025-11-04T11:27:47","modified_gmt":"2025-11-04T09:27:47","slug":"lars0134-415-w-minerva-radio-wien-takalevy-pistoke-ja-verkkojohto-31x50cm-ekus","status":"publish","type":"product","link":"https:\/\/www.radiomarket.fi\/en\/kohde\/lars0134-415-w-minerva-radio-wien-takalevy-pistoke-ja-verkkojohto-31x50cm-ekus\/","title":{"rendered":"LARS0134 415 W Minerva-Radio Wien takalevy ilman pistoketta ja verkkojohtoa 31x50cm (EKUS)"},"content":{"rendered":"<p>Putkiradion tmv. taka- tai pohjalevy. K\u00e4ytettyj\u00e4, purkulaitteista purettuja. Toimitetaan mittojen salliessa kirjeen\u00e4, muutoin postin pakettina. Kirjeen maksimimitat 250 mm x 353 mm x 30 mm.<\/p><p>Pistoke ja verkkojohto myyty kuvien oton j\u00e4lkeen.\u00a0<\/p>","protected":false},"excerpt":{"rendered":"<p>Putkiradion tmv. taka- tai pohjalevy. K\u00e4ytettyj\u00e4, purkulaitteista purettuja. Toimitetaan mittojen salliessa kirjeen\u00e4, muutoin postin pakettina. Kirjeen maksimimitat 250 mm x 353 mm x 30 mm.Pistoke ja verkkojohto myyty kuvien oton j\u00e4lkeen.\u00a0<\/p>","protected":false},"featured_media":33857,"template":"","meta":[],"_links":{"self":[{"href":"https:\/\/www.radiomarket.fi\/en\/wp-json\/wp\/v2\/product\/33855"}],"collection":[{"href":"https:\/\/www.radiomarket.fi\/en\/wp-json\/wp\/v2\/product"}],"about":[{"href":"https:\/\/www.radiomarket.fi\/en\/wp-json\/wp\/v2\/types\/product"}],"wp:featuredmedia":[{"embeddable":true,"href":"https:\/\/www.radiomarket.fi\/en\/wp-json\/wp\/v2\/media\/33857"}],"wp:attachment":[{"href":"https:\/\/www.radiomarket.fi\/en\/wp-json\/wp\/v2\/media?parent=33855"}],"curies":[{"name":"wp","href":"https:\/\/api.w.org\/{rel}","templated":true}]}}