{"id":33877,"date":"2022-07-29T11:57:27","date_gmt":"2022-07-29T08:57:27","guid":{"rendered":"https:\/\/www.radiomarket.fi\/?post_type=product&#038;p=33877"},"modified":"2023-03-07T15:31:27","modified_gmt":"2023-03-07T13:31:27","slug":"lars0141-minerva-radio-415-w-putkiradion-osittainen-takalevy-175x22cm-ekus","status":"publish","type":"product","link":"https:\/\/www.radiomarket.fi\/en\/kohde\/lars0141-minerva-radio-415-w-putkiradion-osittainen-takalevy-175x22cm-ekus\/","title":{"rendered":"LARS0141 Minerva Radio 415 W (?) putkiradion osittainen takalevy 17,5x22cm (EKUS)"},"content":{"rendered":"<p>Putkiradion tmv. taka- tai pohjalevy. K\u00e4ytettyj\u00e4, purkulaitteista purettuja. Toimitetaan mittojen salliessa kirjeen\u00e4, muutoin postin pakettina. Kirjeen maksimimitat 250 mm x 353 mm x 30 mm.<\/p><p>Osittainen pala, k\u00e4ytetty luultavasti pohjalevyn\u00e4 jossain muussa laitteessa. Korjauspalaksi tai askarteluun.<\/p>","protected":false},"excerpt":{"rendered":"<p>Putkiradion tmv. taka- tai pohjalevy. K\u00e4ytettyj\u00e4, purkulaitteista purettuja. Toimitetaan mittojen salliessa kirjeen\u00e4, muutoin postin pakettina. Kirjeen maksimimitat 250 mm x 353 mm x 30 mm.Osittainen pala, k\u00e4ytetty luultavasti pohjalevyn\u00e4 jossain muussa laitteessa. Korjauspalaksi tai askarteluun.<\/p>","protected":false},"featured_media":33879,"template":"","meta":[],"_links":{"self":[{"href":"https:\/\/www.radiomarket.fi\/en\/wp-json\/wp\/v2\/product\/33877"}],"collection":[{"href":"https:\/\/www.radiomarket.fi\/en\/wp-json\/wp\/v2\/product"}],"about":[{"href":"https:\/\/www.radiomarket.fi\/en\/wp-json\/wp\/v2\/types\/product"}],"wp:featuredmedia":[{"embeddable":true,"href":"https:\/\/www.radiomarket.fi\/en\/wp-json\/wp\/v2\/media\/33879"}],"wp:attachment":[{"href":"https:\/\/www.radiomarket.fi\/en\/wp-json\/wp\/v2\/media?parent=33877"}],"curies":[{"name":"wp","href":"https:\/\/api.w.org\/{rel}","templated":true}]}}