{"id":33883,"date":"2022-07-29T12:03:33","date_gmt":"2022-07-29T09:03:33","guid":{"rendered":"https:\/\/www.radiomarket.fi\/?post_type=product&#038;p=33883"},"modified":"2023-03-07T15:35:49","modified_gmt":"2023-03-07T13:35:49","slug":"lars0143-putkiradion-pohjalevy-15x25cm-ekus","status":"publish","type":"product","link":"https:\/\/www.radiomarket.fi\/en\/kohde\/lars0143-putkiradion-pohjalevy-15x25cm-ekus\/","title":{"rendered":"LARS0143 Telefunken(?) kaiuttimen asennuslevy 15x25cm (EKUS)"},"content":{"rendered":"<p>Putkiradion tai television kaiuttimen asennuslevy. K\u00e4ytettyj\u00e4, purkulaitteista purettuja. Toimitetaan mittojen salliessa kirjeen\u00e4, muutoin postin pakettina. Kirjeen maksimimitat 250 mm x 353 mm x 30 mm.<\/p><p>Saattaa olla Telefunken, esim Telefunken FE241T, muistuttaa paljon tuotteen EKUA5110 kaiuttimen asennuslevy\u00e4.<\/p>","protected":false},"excerpt":{"rendered":"<p>Putkiradion tai television kaiuttimen asennuslevy. K\u00e4ytettyj\u00e4, purkulaitteista purettuja. Toimitetaan mittojen salliessa kirjeen\u00e4, muutoin postin pakettina. Kirjeen maksimimitat 250 mm x 353 mm x 30 mm.Saattaa olla Telefunken, esim Telefunken FE241T, muistuttaa paljon tuotteen EKUA5110 kaiuttimen asennuslevy\u00e4.<\/p>","protected":false},"featured_media":33885,"template":"","meta":[],"_links":{"self":[{"href":"https:\/\/www.radiomarket.fi\/en\/wp-json\/wp\/v2\/product\/33883"}],"collection":[{"href":"https:\/\/www.radiomarket.fi\/en\/wp-json\/wp\/v2\/product"}],"about":[{"href":"https:\/\/www.radiomarket.fi\/en\/wp-json\/wp\/v2\/types\/product"}],"wp:featuredmedia":[{"embeddable":true,"href":"https:\/\/www.radiomarket.fi\/en\/wp-json\/wp\/v2\/media\/33885"}],"wp:attachment":[{"href":"https:\/\/www.radiomarket.fi\/en\/wp-json\/wp\/v2\/media?parent=33883"}],"curies":[{"name":"wp","href":"https:\/\/api.w.org\/{rel}","templated":true}]}}