{"id":33892,"date":"2022-07-29T12:12:04","date_gmt":"2022-07-29T09:12:04","guid":{"rendered":"https:\/\/www.radiomarket.fi\/?post_type=product&#038;p=33892"},"modified":"2023-03-07T15:37:39","modified_gmt":"2023-03-07T13:37:39","slug":"lars0146-putkiradion-pohjalevy-16x305cm-ekus","status":"publish","type":"product","link":"https:\/\/www.radiomarket.fi\/en\/kohde\/lars0146-putkiradion-pohjalevy-16x305cm-ekus\/","title":{"rendered":"LARS0146 putkiradion pohjalevy 16&#215;30,5cm (EKUS)"},"content":{"rendered":"<p>Putkiradion tmv. taka- tai pohjalevy. K\u00e4ytettyj\u00e4, purkulaitteista purettuja. Toimitetaan mittojen salliessa kirjeen\u00e4, muutoin postin pakettina. Kirjeen maksimimitat 250 mm x 353 mm x 30 mm.<\/p>","protected":false},"excerpt":{"rendered":"<p>Putkiradion tmv. taka- tai pohjalevy. K\u00e4ytettyj\u00e4, purkulaitteista purettuja. Toimitetaan mittojen salliessa kirjeen\u00e4, muutoin postin pakettina. Kirjeen maksimimitat 250 mm x 353 mm x 30 mm.<\/p>","protected":false},"featured_media":33893,"template":"","meta":[],"_links":{"self":[{"href":"https:\/\/www.radiomarket.fi\/en\/wp-json\/wp\/v2\/product\/33892"}],"collection":[{"href":"https:\/\/www.radiomarket.fi\/en\/wp-json\/wp\/v2\/product"}],"about":[{"href":"https:\/\/www.radiomarket.fi\/en\/wp-json\/wp\/v2\/types\/product"}],"wp:featuredmedia":[{"embeddable":true,"href":"https:\/\/www.radiomarket.fi\/en\/wp-json\/wp\/v2\/media\/33893"}],"wp:attachment":[{"href":"https:\/\/www.radiomarket.fi\/en\/wp-json\/wp\/v2\/media?parent=33892"}],"curies":[{"name":"wp","href":"https:\/\/api.w.org\/{rel}","templated":true}]}}