{"id":33936,"date":"2022-07-29T20:09:51","date_gmt":"2022-07-29T17:09:51","guid":{"rendered":"https:\/\/www.radiomarket.fi\/?post_type=product&#038;p=33936"},"modified":"2023-05-04T04:39:29","modified_gmt":"2023-05-04T01:39:29","slug":"ekum1805-leo-a-lehtinen-turun-urheiluliitto-55x1cm","status":"publish","type":"product","link":"https:\/\/www.radiomarket.fi\/en\/kohde\/ekum1805-leo-a-lehtinen-turun-urheiluliitto-55x1cm\/","title":{"rendered":"EKUM1805 Leo A. Lehtonen Turun urheiluliitto 5,5x1cm"},"content":{"rendered":"<p>Purkuradioista tai -laitteista irrotettuja logoja. Mik\u00e4li varastosaldossa on useampi kuin 1 kpl, logot myyd\u00e4\u00e4n paremmuusj\u00e4rjestyksess\u00e4. Kirjetoimitus. Mik\u00e4li ette l\u00f6yd\u00e4 sopivaa logoa irrallisena, voitte ehdottaa meille my\u00f6s logon irrottamista Radiomarketin valikoimassa olevista purkuradioista. Siin\u00e4 tapauksessa teetteh\u00e4n tilauksen s\u00e4hk\u00f6postitse.<\/p>","protected":false},"excerpt":{"rendered":"<p>Purkuradioista tai -laitteista irrotettuja logoja. Mik\u00e4li varastosaldossa on useampi kuin 1 kpl, logot myyd\u00e4\u00e4n paremmuusj\u00e4rjestyksess\u00e4. Kirjetoimitus. Mik\u00e4li ette l\u00f6yd\u00e4 sopivaa logoa irrallisena, voitte ehdottaa meille my\u00f6s logon irrottamista Radiomarketin valikoimassa olevista purkuradioista. Siin\u00e4 tapauksessa teetteh\u00e4n tilauksen s\u00e4hk\u00f6postitse.<\/p>","protected":false},"featured_media":33938,"template":"","meta":[],"_links":{"self":[{"href":"https:\/\/www.radiomarket.fi\/en\/wp-json\/wp\/v2\/product\/33936"}],"collection":[{"href":"https:\/\/www.radiomarket.fi\/en\/wp-json\/wp\/v2\/product"}],"about":[{"href":"https:\/\/www.radiomarket.fi\/en\/wp-json\/wp\/v2\/types\/product"}],"wp:featuredmedia":[{"embeddable":true,"href":"https:\/\/www.radiomarket.fi\/en\/wp-json\/wp\/v2\/media\/33938"}],"wp:attachment":[{"href":"https:\/\/www.radiomarket.fi\/en\/wp-json\/wp\/v2\/media?parent=33936"}],"curies":[{"name":"wp","href":"https:\/\/api.w.org\/{rel}","templated":true}]}}