{"id":33963,"date":"2022-07-29T20:21:39","date_gmt":"2022-07-29T17:21:39","guid":{"rendered":"https:\/\/www.radiomarket.fi\/?post_type=product&#038;p=33963"},"modified":"2023-11-16T21:58:47","modified_gmt":"2023-11-16T19:58:47","slug":"ekum1814-a-s-tomolen-co-toko-tallinn-harju-37-35x2cm","status":"publish","type":"product","link":"https:\/\/www.radiomarket.fi\/en\/kohde\/ekum1814-a-s-tomolen-co-toko-tallinn-harju-37-35x2cm\/","title":{"rendered":"EKUM1814 A\/S Tomolen &amp; Co Toko Tallinn. Harju 37 3,5x2cm"},"content":{"rendered":"<p>P\u00e4\u00e4osin purkuradioista tai -laitteista irrotettuja logoja. Mik\u00e4li varastosaldossa on useampi kuin 1 kpl, logot myyd\u00e4\u00e4n paremmuusj\u00e4rjestyksess\u00e4. Kirjetoimitus. Mik\u00e4li ette l\u00f6yd\u00e4 sopivaa logoa irrallisena, voitte ehdottaa meille my\u00f6s logon irrottamista Radiomarketin valikoimassa olevista purkuradioista. Siin\u00e4 tapauksessa teetteh\u00e4n tilauksen s\u00e4hk\u00f6postitse.<\/p>","protected":false},"excerpt":{"rendered":"<p>P\u00e4\u00e4osin purkuradioista tai -laitteista irrotettuja logoja. Mik\u00e4li varastosaldossa on useampi kuin 1 kpl, logot myyd\u00e4\u00e4n paremmuusj\u00e4rjestyksess\u00e4. Kirjetoimitus. Mik\u00e4li ette l\u00f6yd\u00e4 sopivaa logoa irrallisena, voitte ehdottaa meille my\u00f6s logon irrottamista Radiomarketin valikoimassa olevista purkuradioista. Siin\u00e4 tapauksessa teetteh\u00e4n tilauksen s\u00e4hk\u00f6postitse.<\/p>","protected":false},"featured_media":33965,"template":"","meta":[],"_links":{"self":[{"href":"https:\/\/www.radiomarket.fi\/en\/wp-json\/wp\/v2\/product\/33963"}],"collection":[{"href":"https:\/\/www.radiomarket.fi\/en\/wp-json\/wp\/v2\/product"}],"about":[{"href":"https:\/\/www.radiomarket.fi\/en\/wp-json\/wp\/v2\/types\/product"}],"wp:featuredmedia":[{"embeddable":true,"href":"https:\/\/www.radiomarket.fi\/en\/wp-json\/wp\/v2\/media\/33965"}],"wp:attachment":[{"href":"https:\/\/www.radiomarket.fi\/en\/wp-json\/wp\/v2\/media?parent=33963"}],"curies":[{"name":"wp","href":"https:\/\/api.w.org\/{rel}","templated":true}]}}