{"id":33969,"date":"2022-07-30T08:25:01","date_gmt":"2022-07-30T05:25:01","guid":{"rendered":"https:\/\/www.radiomarket.fi\/?post_type=product&#038;p=33969"},"modified":"2022-07-30T08:26:58","modified_gmt":"2022-07-30T05:26:58","slug":"lars0152-telefunken-564-gwlk-putkiradion-takalevy-29x59cm-ekus","status":"publish","type":"product","link":"https:\/\/www.radiomarket.fi\/en\/kohde\/lars0152-telefunken-564-gwlk-putkiradion-takalevy-29x59cm-ekus\/","title":{"rendered":"LARS0152 Telefunken 564 GWLK putkiradion takalevy 29x59cm (EKUS)"},"content":{"rendered":"<p>Putkiradion tmv. taka- tai pohjalevy. K\u00e4ytettyj\u00e4, purkulaitteista purettuja. Toimitetaan mittojen salliessa kirjeen\u00e4, muutoin postin pakettina. Kirjeen maksimimitat 250 mm x 353 mm x 30 mm.<\/p>","protected":false},"excerpt":{"rendered":"<p>Putkiradion tmv. taka- tai pohjalevy. K\u00e4ytettyj\u00e4, purkulaitteista purettuja. Toimitetaan mittojen salliessa kirjeen\u00e4, muutoin postin pakettina. Kirjeen maksimimitat 250 mm x 353 mm x 30 mm.<\/p>","protected":false},"featured_media":33971,"template":"","meta":[],"_links":{"self":[{"href":"https:\/\/www.radiomarket.fi\/en\/wp-json\/wp\/v2\/product\/33969"}],"collection":[{"href":"https:\/\/www.radiomarket.fi\/en\/wp-json\/wp\/v2\/product"}],"about":[{"href":"https:\/\/www.radiomarket.fi\/en\/wp-json\/wp\/v2\/types\/product"}],"wp:featuredmedia":[{"embeddable":true,"href":"https:\/\/www.radiomarket.fi\/en\/wp-json\/wp\/v2\/media\/33971"}],"wp:attachment":[{"href":"https:\/\/www.radiomarket.fi\/en\/wp-json\/wp\/v2\/media?parent=33969"}],"curies":[{"name":"wp","href":"https:\/\/api.w.org\/{rel}","templated":true}]}}