{"id":33996,"date":"2022-07-30T08:48:44","date_gmt":"2022-07-30T05:48:44","guid":{"rendered":"https:\/\/www.radiomarket.fi\/?post_type=product&#038;p=33996"},"modified":"2023-01-15T14:22:50","modified_gmt":"2023-01-15T12:22:50","slug":"lars0200-telefunken-898-wk-62-cm-39cm-takalevy-ekus","status":"publish","type":"product","link":"https:\/\/www.radiomarket.fi\/en\/kohde\/lars0200-telefunken-898-wk-62-cm-39cm-takalevy-ekus\/","title":{"rendered":"LARS0200 TELEFUNKEN 898 WK 62 cm, 39cm takalevy (EKUS)"},"content":{"rendered":"<p>Putkiradion tmv. taka- tai pohjalevy. K\u00e4ytettyj\u00e4, purkulaitteista purettuja. Toimitetaan mittojen salliessa kirjeen\u00e4, muutoin postin pakettina. Kirjeen maksimimitat 250 mm x 353 mm x 30 mm.<\/p>","protected":false},"excerpt":{"rendered":"<p>Putkiradion tmv. taka- tai pohjalevy. K\u00e4ytettyj\u00e4, purkulaitteista purettuja. Toimitetaan mittojen salliessa kirjeen\u00e4, muutoin postin pakettina. Kirjeen maksimimitat 250 mm x 353 mm x 30 mm.<\/p>","protected":false},"featured_media":33997,"template":"","meta":[],"_links":{"self":[{"href":"https:\/\/www.radiomarket.fi\/en\/wp-json\/wp\/v2\/product\/33996"}],"collection":[{"href":"https:\/\/www.radiomarket.fi\/en\/wp-json\/wp\/v2\/product"}],"about":[{"href":"https:\/\/www.radiomarket.fi\/en\/wp-json\/wp\/v2\/types\/product"}],"wp:featuredmedia":[{"embeddable":true,"href":"https:\/\/www.radiomarket.fi\/en\/wp-json\/wp\/v2\/media\/33997"}],"wp:attachment":[{"href":"https:\/\/www.radiomarket.fi\/en\/wp-json\/wp\/v2\/media?parent=33996"}],"curies":[{"name":"wp","href":"https:\/\/api.w.org\/{rel}","templated":true}]}}