{"id":34028,"date":"2022-07-30T09:14:27","date_gmt":"2022-07-30T06:14:27","guid":{"rendered":"https:\/\/www.radiomarket.fi\/?post_type=product&#038;p=34028"},"modified":"2025-02-05T11:39:03","modified_gmt":"2025-02-05T09:39:03","slug":"lars0105-34cm-24cm-putkiradion-takalevy-ekus","status":"publish","type":"product","link":"https:\/\/www.radiomarket.fi\/en\/kohde\/lars0105-34cm-24cm-putkiradion-takalevy-ekus\/","title":{"rendered":"LARS0105 Philips Octode Super 34CM, 24CM putkiradion takalevy (EKUS)"},"content":{"rendered":"<p>Putkiradion tmv. taka- tai pohjalevy. K\u00e4ytettyj\u00e4, purkulaitteista purettuja. Toimitetaan mittojen salliessa kirjeen\u00e4, muutoin postin pakettina. Kirjeen maksimimitat 250 mm x 353 mm x 30 mm.<\/p>","protected":false},"excerpt":{"rendered":"<p>Putkiradion tmv. taka- tai pohjalevy. K\u00e4ytettyj\u00e4, purkulaitteista purettuja. Toimitetaan mittojen salliessa kirjeen\u00e4, muutoin postin pakettina. Kirjeen maksimimitat 250 mm x 353 mm x 30 mm.<\/p>","protected":false},"featured_media":34017,"template":"","meta":[],"_links":{"self":[{"href":"https:\/\/www.radiomarket.fi\/en\/wp-json\/wp\/v2\/product\/34028"}],"collection":[{"href":"https:\/\/www.radiomarket.fi\/en\/wp-json\/wp\/v2\/product"}],"about":[{"href":"https:\/\/www.radiomarket.fi\/en\/wp-json\/wp\/v2\/types\/product"}],"wp:featuredmedia":[{"embeddable":true,"href":"https:\/\/www.radiomarket.fi\/en\/wp-json\/wp\/v2\/media\/34017"}],"wp:attachment":[{"href":"https:\/\/www.radiomarket.fi\/en\/wp-json\/wp\/v2\/media?parent=34028"}],"curies":[{"name":"wp","href":"https:\/\/api.w.org\/{rel}","templated":true}]}}