{"id":34112,"date":"2022-08-06T14:49:33","date_gmt":"2022-08-06T11:49:33","guid":{"rendered":"https:\/\/www.radiomarket.fi\/?post_type=product&#038;p=34112"},"modified":"2022-08-18T23:27:01","modified_gmt":"2022-08-18T20:27:01","slug":"ekub0272-jvc-av-25ts2en-kuvaputkitelevisio","status":"publish","type":"product","link":"https:\/\/www.radiomarket.fi\/en\/kohde\/ekub0272-jvc-av-25ts2en-kuvaputkitelevisio\/","title":{"rendered":"EKUB0272 JVC AV-25TS2EN kuvaputkitelevisio"},"content":{"rendered":"Toimivana k\u00e4yt\u00f6st\u00e4 poistettu kuvaputkitelevisio. Kaksi SCART-liit\u00e4nt\u00e4\u00e4. Made in The United Kingdom.\r\n\r\nHintaan ei sis\u00e4lly kaukos\u00e4\u00e4din.\r\n\r\nTelevisio on mahdollista toimittaa Matkahuollon kautta. Suosittelemme s\u00e4rkyv\u00e4-lis\u00e4palvelua.","protected":false},"excerpt":{"rendered":"<p>Toimivana k\u00e4yt\u00f6st\u00e4 poistettu kuvaputkitelevisio. Kaksi SCART-liit\u00e4nt\u00e4\u00e4. Made in The United Kingdom. Hintaan ei sis\u00e4lly kaukos\u00e4\u00e4din. Televisio on mahdollista toimittaa Matkahuollon kautta. Suosittelemme s\u00e4rkyv\u00e4-lis\u00e4palvelua.<\/p>","protected":false},"featured_media":34113,"template":"","meta":[],"_links":{"self":[{"href":"https:\/\/www.radiomarket.fi\/en\/wp-json\/wp\/v2\/product\/34112"}],"collection":[{"href":"https:\/\/www.radiomarket.fi\/en\/wp-json\/wp\/v2\/product"}],"about":[{"href":"https:\/\/www.radiomarket.fi\/en\/wp-json\/wp\/v2\/types\/product"}],"wp:featuredmedia":[{"embeddable":true,"href":"https:\/\/www.radiomarket.fi\/en\/wp-json\/wp\/v2\/media\/34113"}],"wp:attachment":[{"href":"https:\/\/www.radiomarket.fi\/en\/wp-json\/wp\/v2\/media?parent=34112"}],"curies":[{"name":"wp","href":"https:\/\/api.w.org\/{rel}","templated":true}]}}