{"id":34145,"date":"2023-12-07T11:34:02","date_gmt":"2023-12-07T09:34:02","guid":{"rendered":"https:\/\/www.radiomarket.fi\/?post_type=product&#038;p=34145"},"modified":"2023-12-07T12:18:40","modified_gmt":"2023-12-07T10:18:40","slug":"ekum0330-qsl-kortti-oh2po-1930-luku","status":"publish","type":"product","link":"https:\/\/www.radiomarket.fi\/en\/kohde\/ekum0330-qsl-kortti-oh2po-1930-luku\/","title":{"rendered":"EKUM0331 QSL-kortti OH2PO 1930-luku"},"content":{"rendered":"<p>Unto Klewstr\u00f6min QSL-kortti ajalta kun h\u00e4n oli poliittisesti aktiivinen ja mukana mm. Is\u00e4nmaallisen Kansanliiton IKL viestiosastossa. Kortti on painettu yksipuolisena. Unto Klewstr\u00f6m loi sodan j\u00e4lkeen uran poliisissa toimien mm. poliisiviestip\u00e4\u00e4llikk\u00f6n\u00e4.<\/p>","protected":false},"excerpt":{"rendered":"<p>Kortit ovat l\u00e4hes 90 vuotta vanhoja ja niiden kunto vaihtelee huolimatta huolellisesta s\u00e4ilytyksest\u00e4. Kortteihin ei ole tehty mit\u00e4\u00e4n merkint\u00f6j\u00e4. Kirjetoimitustuotteita kannattaa tilata useampia samalla kertaa, yksi lis\u00e4tty tuote nostaa kokonaistoimituskulua vain 10 sentill\u00e4 (v. 2024 hinnaston mukaan).<\/p>","protected":false},"featured_media":34150,"template":"","meta":[],"_links":{"self":[{"href":"https:\/\/www.radiomarket.fi\/en\/wp-json\/wp\/v2\/product\/34145"}],"collection":[{"href":"https:\/\/www.radiomarket.fi\/en\/wp-json\/wp\/v2\/product"}],"about":[{"href":"https:\/\/www.radiomarket.fi\/en\/wp-json\/wp\/v2\/types\/product"}],"wp:featuredmedia":[{"embeddable":true,"href":"https:\/\/www.radiomarket.fi\/en\/wp-json\/wp\/v2\/media\/34150"}],"wp:attachment":[{"href":"https:\/\/www.radiomarket.fi\/en\/wp-json\/wp\/v2\/media?parent=34145"}],"curies":[{"name":"wp","href":"https:\/\/api.w.org\/{rel}","templated":true}]}}