{"id":34162,"date":"2022-08-10T19:31:51","date_gmt":"2022-08-10T16:31:51","guid":{"rendered":"https:\/\/www.radiomarket.fi\/?post_type=product&#038;p=34162"},"modified":"2022-12-22T08:56:34","modified_gmt":"2022-12-22T06:56:34","slug":"ekum0332-postikortti-jenny-nystrom-radiokuuntelijatytto","status":"publish","type":"product","link":"https:\/\/www.radiomarket.fi\/en\/kohde\/ekum0332-postikortti-jenny-nystrom-radiokuuntelijatytto\/","title":{"rendered":"EKUM0332 postikortti Jenny Nystr\u00f6m radiokuuntelijatytt\u00f6"},"content":{"rendered":"<p>S\u00e4hk\u00f6museo Elektran teett\u00e4m\u00e4 j\u00e4lkipainos yhden Suomen tunnetuimman kuvittajan postikortista. Kuvassa neito kuuntelee kuulokkeilla 1920-luvun radiota. Kortin k\u00e4\u00e4nt\u00f6puolella tavallinen postikorttiviivoitus.<\/p>","protected":false},"excerpt":{"rendered":"<p>S\u00e4hk\u00f6museo Elektran teett\u00e4m\u00e4 j\u00e4lkipainos yhden Suomen tunnetuimman kuvittajan postikortista. Kuvassa neito kuuntelee kuulokkeilla 1920-luvun radiota. Kortin k\u00e4\u00e4nt\u00f6puolella tavallinen postikorttiviivoitus.<\/p>","protected":false},"featured_media":34151,"template":"","meta":[],"_links":{"self":[{"href":"https:\/\/www.radiomarket.fi\/en\/wp-json\/wp\/v2\/product\/34162"}],"collection":[{"href":"https:\/\/www.radiomarket.fi\/en\/wp-json\/wp\/v2\/product"}],"about":[{"href":"https:\/\/www.radiomarket.fi\/en\/wp-json\/wp\/v2\/types\/product"}],"wp:featuredmedia":[{"embeddable":true,"href":"https:\/\/www.radiomarket.fi\/en\/wp-json\/wp\/v2\/media\/34151"}],"wp:attachment":[{"href":"https:\/\/www.radiomarket.fi\/en\/wp-json\/wp\/v2\/media?parent=34162"}],"curies":[{"name":"wp","href":"https:\/\/api.w.org\/{rel}","templated":true}]}}