{"id":34229,"date":"2022-08-18T13:41:02","date_gmt":"2022-08-18T10:41:02","guid":{"rendered":"https:\/\/www.radiomarket.fi\/?post_type=product&#038;p=34229"},"modified":"2022-10-19T12:44:18","modified_gmt":"2022-10-19T09:44:18","slug":"ekus0068-shibaden-magnetic-tape-for-v-t-r","status":"publish","type":"product","link":"https:\/\/www.radiomarket.fi\/en\/kohde\/ekus0068-shibaden-magnetic-tape-for-v-t-r\/","title":{"rendered":"EKUS0068 Shibaden Magnetic Tape for V.T.R. (EKUM)"},"content":{"rendered":"<p>Ker\u00e4ilij\u00e4lle. K\u00e4ytettyj\u00e4. P\u00e4\u00e4llep\u00e4in parempikuntoiset myyd\u00e4\u00e4n ensin. Ainakin joihinkin koteloihin merkitty sis\u00e4lt\u00f6tietoja. Sis\u00e4lt\u00f6j\u00e4 ei ole pystytty varmistamaan. Koko kotelon kera 35mm x 214 mm x 214 mm. Katso my\u00f6s EKUA2770.<br \/><br \/><\/p><p><strong>Esimerkiksi seuraavanlaisia merkint\u00f6j\u00e4:<\/strong><br \/><br \/>5. Suicidipreventio<br \/>48. H\u00e4t\u00e4huutoja<br \/>Antti Alanko: Luovat terapiamuodot (2 kpl)<br \/>Acht\u00e9 15\/12 -69<br \/><br \/><\/p><p><strong>Sivusto obsolotemedia.org kertoo formaatista seuraavasti:<\/strong><br \/><br \/><em>&#8220;The Shibaden video tape format was a helical-scan skip-field system that used \u00bd-inch wide tape on a plastic spool with a cine spindle hub. It offered black and white video and both 7-inch and 5-inch spools were available. The smaller 5-inch spools were intended for use on the portapak recorder (model SV-707). The 7-inch spools were for use on the SV-700 and SV-800 series tabletop machines.<\/em><\/p><p><em>As well as Shibaden, equipment was manufactured under the names of Apeco (the Teletape), Bell &amp; Howell (2966 and the 2965 portapak) and Bang &amp; Olufsen (the Beocord 4000).<\/em><\/p><p><em>Shibaden is a combination of the names of the two Japanese manufacturers that introduced it, namely Shiba Electric and Denshi.<\/em><\/p><p><em>In 1969, the Electronic Industries Association of Japan introduced the\u00a0<a href=\"https:\/\/obsoletemedia.org\/%c2%bd-inch-eiaj-open-reel-video-tape\/\" data-type=\"post\" data-id=\"2255\">EIAJ-1<\/a>\u00a0full-field standard for video tape recording, and around 1970, Shibaden began producing VTRs that conformed to this standard. Machines that conformed to the earlier Shibaden-only standard appear to have been discontinued in the early 1970s.<\/em><\/p><p><em>The format is extinct, and working playback equipment is very rare.&#8221;<\/em> (L\u00e4hde: https:\/\/obsoletemedia.org\/shibaden\/ 20220818)<\/p>","protected":false},"excerpt":{"rendered":"<p>Ker\u00e4ilij\u00e4lle. K\u00e4ytettyj\u00e4. P\u00e4\u00e4llep\u00e4in parempikuntoiset myyd\u00e4\u00e4n ensin. Ainakin joihinkin koteloihin merkitty sis\u00e4lt\u00f6tietoja. Sis\u00e4lt\u00f6j\u00e4 ei ole pystytty varmistamaan. Koko kotelon kera 35mm x 214 mm x 214 mm. Katso my\u00f6s EKUA2770.Esimerkiksi seuraavanlaisia merkint\u00f6j\u00e4:5. Suicidipreventio48. H\u00e4t\u00e4huutojaAntti Alanko: Luovat terapiamuodot (2 kpl)Acht\u00e9 15\/12 -69Sivusto obsolotemedia.org kertoo formaatista seuraavasti:&#8220;The Shibaden video tape format was a helical-scan skip-field system that used &hellip;<\/p>\n<p class=\"read-more\"> <a class=\"thunk-readmore button\" href=\"https:\/\/www.radiomarket.fi\/en\/kohde\/ekus0068-shibaden-magnetic-tape-for-v-t-r\/\"> <span class=\"screen-reader-text\">EKUS0068 Shibaden Magnetic Tape for V.T.R. (EKUM)<\/span>Read More<\/a><\/p>","protected":false},"featured_media":34231,"template":"","meta":[],"_links":{"self":[{"href":"https:\/\/www.radiomarket.fi\/en\/wp-json\/wp\/v2\/product\/34229"}],"collection":[{"href":"https:\/\/www.radiomarket.fi\/en\/wp-json\/wp\/v2\/product"}],"about":[{"href":"https:\/\/www.radiomarket.fi\/en\/wp-json\/wp\/v2\/types\/product"}],"wp:featuredmedia":[{"embeddable":true,"href":"https:\/\/www.radiomarket.fi\/en\/wp-json\/wp\/v2\/media\/34231"}],"wp:attachment":[{"href":"https:\/\/www.radiomarket.fi\/en\/wp-json\/wp\/v2\/media?parent=34229"}],"curies":[{"name":"wp","href":"https:\/\/api.w.org\/{rel}","templated":true}]}}