{"id":34295,"date":"2022-08-20T13:57:48","date_gmt":"2022-08-20T10:57:48","guid":{"rendered":"https:\/\/www.radiomarket.fi\/?post_type=product&#038;p=34295"},"modified":"2023-07-02T18:01:06","modified_gmt":"2023-07-02T15:01:06","slug":"lars0202-asa-sankei-tcr-700ee","status":"publish","type":"product","link":"https:\/\/www.radiomarket.fi\/en\/kohde\/lars0202-asa-sankei-tcr-700ee\/","title":{"rendered":"LARS0202 ASA Sankei TCR-700EE"},"content":{"rendered":"<p>Paristovuotoa, antenni poikki. Tasomittarin pleksiss\u00e4 s\u00e4r\u00f6. P\u00e4\u00e4dyiss\u00e4 kolhuja. Paristokotelon luukku tallella. Ei tutkittu tarkemmin.<\/p>","protected":false},"excerpt":{"rendered":"<p>Paristovuotoa, antenni poikki. Tasomittarin pleksiss\u00e4 s\u00e4r\u00f6. P\u00e4\u00e4dyiss\u00e4 kolhuja. Paristokotelon luukku tallella. Ei tutkittu tarkemmin.<\/p>","protected":false},"featured_media":34341,"template":"","meta":[],"_links":{"self":[{"href":"https:\/\/www.radiomarket.fi\/en\/wp-json\/wp\/v2\/product\/34295"}],"collection":[{"href":"https:\/\/www.radiomarket.fi\/en\/wp-json\/wp\/v2\/product"}],"about":[{"href":"https:\/\/www.radiomarket.fi\/en\/wp-json\/wp\/v2\/types\/product"}],"wp:featuredmedia":[{"embeddable":true,"href":"https:\/\/www.radiomarket.fi\/en\/wp-json\/wp\/v2\/media\/34341"}],"wp:attachment":[{"href":"https:\/\/www.radiomarket.fi\/en\/wp-json\/wp\/v2\/media?parent=34295"}],"curies":[{"name":"wp","href":"https:\/\/api.w.org\/{rel}","templated":true}]}}