{"id":34299,"date":"2022-08-20T14:09:31","date_gmt":"2022-08-20T11:09:31","guid":{"rendered":"https:\/\/www.radiomarket.fi\/?post_type=product&#038;p=34299"},"modified":"2022-08-26T21:58:24","modified_gmt":"2022-08-26T18:58:24","slug":"lars0204-salora-riviera-1","status":"publish","type":"product","link":"https:\/\/www.radiomarket.fi\/en\/kohde\/lars0204-salora-riviera-1\/","title":{"rendered":"LARS0204 Salora Riviera 1 (EKUS)"},"content":{"rendered":"<p>P\u00f6lykapseli puuttuu toisesta isommasta nupista. <br \/>Pistotulppaa vuoltu.<br \/><br \/>Ei tutkittu tarkemmin, yleisilmeelt\u00e4\u00e4n kohtuullisen siisti. P\u00e4\u00e4ll\u00e4 kukkamaljakon rinkula.<\/p><p>Ei tule virtaa.\u00a0<\/p><p>Katso my\u00f6s LARS0066, EKUS0675 ja EKUA7774.<\/p>","protected":false},"excerpt":{"rendered":"<p>P\u00f6lykapseli puuttuu toisesta isommasta nupista. Pistotulppaa vuoltu.Ei tutkittu tarkemmin, yleisilmeelt\u00e4\u00e4n kohtuullisen siisti. P\u00e4\u00e4ll\u00e4 kukkamaljakon rinkula.Ei tule virtaa.\u00a0Katso my\u00f6s LARS0066, EKUS0675 ja EKUA7774.<\/p>","protected":false},"featured_media":34326,"template":"","meta":[],"_links":{"self":[{"href":"https:\/\/www.radiomarket.fi\/en\/wp-json\/wp\/v2\/product\/34299"}],"collection":[{"href":"https:\/\/www.radiomarket.fi\/en\/wp-json\/wp\/v2\/product"}],"about":[{"href":"https:\/\/www.radiomarket.fi\/en\/wp-json\/wp\/v2\/types\/product"}],"wp:featuredmedia":[{"embeddable":true,"href":"https:\/\/www.radiomarket.fi\/en\/wp-json\/wp\/v2\/media\/34326"}],"wp:attachment":[{"href":"https:\/\/www.radiomarket.fi\/en\/wp-json\/wp\/v2\/media?parent=34299"}],"curies":[{"name":"wp","href":"https:\/\/api.w.org\/{rel}","templated":true}]}}