{"id":34306,"date":"2022-08-20T14:28:18","date_gmt":"2022-08-20T11:28:18","guid":{"rendered":"https:\/\/www.radiomarket.fi\/?post_type=product&#038;p=34306"},"modified":"2022-12-03T15:18:08","modified_gmt":"2022-12-03T13:18:08","slug":"lars0205-philips-d8734-00","status":"publish","type":"product","link":"https:\/\/www.radiomarket.fi\/en\/kohde\/lars0205-philips-d8734-00\/","title":{"rendered":"LARS0205 Philips D8734\/00"},"content":{"rendered":"<p>Pikatestiss\u00e4 kaikki testatut ominaisuudet toimii muuten, mutta B-dekki tekee huminaa vasempaan kaiuttimeen, my\u00f6s multiasennossa. Pelk\u00e4st\u00e4\u00e4n A-dekki\u00e4 tai radiota k\u00e4ytett\u00e4ess\u00e4 toimii oikein. Ei tutkittu tarkemmin, yleisilmeelt\u00e4\u00e4n jonkin verran naarmuja. T\u00e4ss\u00e4 on kokoa ja n\u00e4k\u00f6\u00e4.<\/p>","protected":false},"excerpt":{"rendered":"<p>Pikatestiss\u00e4 kaikki testatut ominaisuudet toimii muuten, mutta B-dekki tekee huminaa vasempaan kaiuttimeen, my\u00f6s multiasennossa. Pelk\u00e4st\u00e4\u00e4n A-dekki\u00e4 tai radiota k\u00e4ytett\u00e4ess\u00e4 toimii oikein. Ei tutkittu tarkemmin, yleisilmeelt\u00e4\u00e4n jonkin verran naarmuja. T\u00e4ss\u00e4 on kokoa ja n\u00e4k\u00f6\u00e4.<\/p>","protected":false},"featured_media":34328,"template":"","meta":[],"_links":{"self":[{"href":"https:\/\/www.radiomarket.fi\/en\/wp-json\/wp\/v2\/product\/34306"}],"collection":[{"href":"https:\/\/www.radiomarket.fi\/en\/wp-json\/wp\/v2\/product"}],"about":[{"href":"https:\/\/www.radiomarket.fi\/en\/wp-json\/wp\/v2\/types\/product"}],"wp:featuredmedia":[{"embeddable":true,"href":"https:\/\/www.radiomarket.fi\/en\/wp-json\/wp\/v2\/media\/34328"}],"wp:attachment":[{"href":"https:\/\/www.radiomarket.fi\/en\/wp-json\/wp\/v2\/media?parent=34306"}],"curies":[{"name":"wp","href":"https:\/\/api.w.org\/{rel}","templated":true}]}}