{"id":34345,"date":"2022-08-20T19:02:53","date_gmt":"2022-08-20T16:02:53","guid":{"rendered":"https:\/\/www.radiomarket.fi\/?post_type=product&#038;p=34345"},"modified":"2023-09-02T11:25:36","modified_gmt":"2023-09-02T08:25:36","slug":"lars0206-blaupunkt-bongo","status":"publish","type":"product","link":"https:\/\/www.radiomarket.fi\/en\/kohde\/lars0206-blaupunkt-bongo\/","title":{"rendered":"LARS0206 Blaupunkt Bongo soiva radio"},"content":{"rendered":"<p>Soiva radio (testattu ULA:n osalta). \u00c4\u00e4nenvoimakkuuden liukus\u00e4\u00e4timess\u00e4 rahinaa, mutta l\u00f6ytyy hyvin kuuluvia kohtia. Paristokotelon luukku puuttuu. Kansiosan muovissa halkeama, paloja ei puutu. Ei tutkittu tarkemmin. Kokonainen antenni. Aikakautensa designia.<\/p>","protected":false},"excerpt":{"rendered":"<p>Soiva radio (testattu ULA:n osalta). \u00c4\u00e4nenvoimakkuuden liukus\u00e4\u00e4timess\u00e4 rahinaa, mutta l\u00f6ytyy hyvin kuuluvia kohtia. Paristokotelon luukku puuttuu. Kansiosan muovissa halkeama, paloja ei puutu. Ei tutkittu tarkemmin. Kokonainen antenni. Aikakautensa designia.<\/p>","protected":false},"featured_media":34343,"template":"","meta":[],"_links":{"self":[{"href":"https:\/\/www.radiomarket.fi\/en\/wp-json\/wp\/v2\/product\/34345"}],"collection":[{"href":"https:\/\/www.radiomarket.fi\/en\/wp-json\/wp\/v2\/product"}],"about":[{"href":"https:\/\/www.radiomarket.fi\/en\/wp-json\/wp\/v2\/types\/product"}],"wp:featuredmedia":[{"embeddable":true,"href":"https:\/\/www.radiomarket.fi\/en\/wp-json\/wp\/v2\/media\/34343"}],"wp:attachment":[{"href":"https:\/\/www.radiomarket.fi\/en\/wp-json\/wp\/v2\/media?parent=34345"}],"curies":[{"name":"wp","href":"https:\/\/api.w.org\/{rel}","templated":true}]}}