{"id":34346,"date":"2022-08-20T19:04:28","date_gmt":"2022-08-20T16:04:28","guid":{"rendered":"https:\/\/www.radiomarket.fi\/?post_type=product&#038;p=34346"},"modified":"2022-09-08T13:02:34","modified_gmt":"2022-09-08T10:02:34","slug":"lars0206-telefunken-p900","status":"publish","type":"product","link":"https:\/\/www.radiomarket.fi\/en\/kohde\/lars0206-telefunken-p900\/","title":{"rendered":"LARS0207 Telefunken P900"},"content":{"rendered":"<p>Pikatestiss\u00e4 havaittu seuraavaa: \u00e4\u00e4nenvoimakkuuden s\u00e4\u00e4t\u00f6 ei vaikuta \u00e4\u00e4nenvoimakkuuteen, voimakkuus pysyy samana koko ajan. \u00c4\u00e4ni ehk\u00e4 aavistuksen ter\u00e4v\u00e4. Aaltoalueista ainakin ULA ja MW tuntuvat oikeilta. LW ja SW liian kohinattomia. Kaikki osat antennista tallessa, mutta osin irti. Virtakytkimess\u00e4 kulumaa. Kuoreltaan kohtuullisen siisti, takana paristokotelon luukun kohdalla naarmua, pohjassa useampia naarmuja. Ei tutkittu tarkemmin. Huoltoa vaativa kohde!<\/p>","protected":false},"excerpt":{"rendered":"<p>Pikatestiss\u00e4 havaittu seuraavaa: \u00e4\u00e4nenvoimakkuuden s\u00e4\u00e4t\u00f6 ei vaikuta \u00e4\u00e4nenvoimakkuuteen, voimakkuus pysyy samana koko ajan. \u00c4\u00e4ni ehk\u00e4 aavistuksen ter\u00e4v\u00e4. Aaltoalueista ainakin ULA ja MW tuntuvat oikeilta. LW ja SW liian kohinattomia. Kaikki osat antennista tallessa, mutta osin irti. Virtakytkimess\u00e4 kulumaa. Kuoreltaan kohtuullisen siisti, takana paristokotelon luukun kohdalla naarmua, pohjassa useampia naarmuja. Ei tutkittu tarkemmin. Huoltoa vaativa kohde!<\/p>","protected":false},"featured_media":34344,"template":"","meta":[],"_links":{"self":[{"href":"https:\/\/www.radiomarket.fi\/en\/wp-json\/wp\/v2\/product\/34346"}],"collection":[{"href":"https:\/\/www.radiomarket.fi\/en\/wp-json\/wp\/v2\/product"}],"about":[{"href":"https:\/\/www.radiomarket.fi\/en\/wp-json\/wp\/v2\/types\/product"}],"wp:featuredmedia":[{"embeddable":true,"href":"https:\/\/www.radiomarket.fi\/en\/wp-json\/wp\/v2\/media\/34344"}],"wp:attachment":[{"href":"https:\/\/www.radiomarket.fi\/en\/wp-json\/wp\/v2\/media?parent=34346"}],"curies":[{"name":"wp","href":"https:\/\/api.w.org\/{rel}","templated":true}]}}