{"id":34603,"date":"2022-09-13T11:15:29","date_gmt":"2022-09-13T08:15:29","guid":{"rendered":"https:\/\/www.radiomarket.fi\/?post_type=product&#038;p=34603"},"modified":"2023-02-01T13:12:52","modified_gmt":"2023-02-01T11:12:52","slug":"lars0208-maximal-model-219","status":"publish","type":"product","link":"https:\/\/www.radiomarket.fi\/en\/kohde\/lars0208-maximal-model-219\/","title":{"rendered":"LARS0208 Maximal Model 219"},"content":{"rendered":"<p>Soiva radio (pikatestattu ULA:n osalta). Potikoissa rahinaa. Paristokotelon luukku tallessa. Antenni kokonainen. Ehj\u00e4noloinen kotelo, tekstit tallella, maalia ei puutu hopeanv\u00e4risist\u00e4 osista. Kasettipuolta ei testattu, nappula poikki jolla radio vaihdetaan kasettitoiminnolle. Yleismallin verkkojohto sopii (ei mukana). Ei tutkittu tarkemmin.<\/p>","protected":false},"excerpt":{"rendered":"<p>Soiva radio (pikatestattu ULA:n osalta). Potikoissa rahinaa. Paristokotelon luukku tallessa. Antenni kokonainen. Ehj\u00e4noloinen kotelo, tekstit tallella, maalia ei puutu hopeanv\u00e4risist\u00e4 osista. Kasettipuolta ei testattu, nappula poikki jolla radio vaihdetaan kasettitoiminnolle. Yleismallin verkkojohto sopii (ei mukana). Ei tutkittu tarkemmin.<\/p>","protected":false},"featured_media":34605,"template":"","meta":[],"_links":{"self":[{"href":"https:\/\/www.radiomarket.fi\/en\/wp-json\/wp\/v2\/product\/34603"}],"collection":[{"href":"https:\/\/www.radiomarket.fi\/en\/wp-json\/wp\/v2\/product"}],"about":[{"href":"https:\/\/www.radiomarket.fi\/en\/wp-json\/wp\/v2\/types\/product"}],"wp:featuredmedia":[{"embeddable":true,"href":"https:\/\/www.radiomarket.fi\/en\/wp-json\/wp\/v2\/media\/34605"}],"wp:attachment":[{"href":"https:\/\/www.radiomarket.fi\/en\/wp-json\/wp\/v2\/media?parent=34603"}],"curies":[{"name":"wp","href":"https:\/\/api.w.org\/{rel}","templated":true}]}}